{"id":15237,"date":"2017-09-16T00:28:59","date_gmt":"2017-09-16T00:28:59","guid":{"rendered":"https:\/\/david-alegre.com\/repo-sed\/?page_id=15237"},"modified":"2018-09-26T01:11:38","modified_gmt":"2018-09-26T01:11:38","slug":"sedam_2018","status":"publish","type":"page","link":"https:\/\/david-alegre.com\/repo-sed\/sedam_2018\/","title":{"rendered":"sedam_2018"},"content":{"rendered":"<div class=\"fusion-fullwidth fullwidth-box fusion-builder-row-1 nonhundred-percent-fullwidth non-hundred-percent-height-scrolling\" style=\"--awb-background-position:left top;--awb-border-radius-top-left:0px;--awb-border-radius-top-right:0px;--awb-border-radius-bottom-right:0px;--awb-border-radius-bottom-left:0px;--awb-padding-top:20px;--awb-padding-right:0px;--awb-padding-bottom:20px;--awb-padding-left:0px;--awb-border-sizes-top:0px;--awb-border-sizes-bottom:0px;--awb-flex-wrap:wrap;\" ><div class=\"fusion-builder-row fusion-row\"><div class=\"fusion-layout-column fusion_builder_column fusion-builder-column-0 fusion_builder_column_1_3 1_3 fusion-one-third fusion-column-first fusion-column-no-min-height\" style=\"--awb-bg-size:cover;--awb-margin-bottom:0px;width:30.6666%; margin-right: 4%;\"><div class=\"fusion-column-wrapper fusion-flex-column-wrapper-legacy\"><div class=\"fusion-clearfix\"><\/div><\/div><\/div><div class=\"fusion-layout-column fusion_builder_column fusion-builder-column-1 fusion_builder_column_2_3 2_3 fusion-two-third fusion-column-last fusion-column-no-min-height\" style=\"--awb-bg-size:cover;--awb-margin-bottom:0px;width:65.3333%;\"><div class=\"fusion-column-wrapper fusion-flex-column-wrapper-legacy\"><div class=\"fusion-clearfix\"><\/div><\/div><\/div><div class=\"fusion-layout-column fusion_builder_column fusion-builder-column-2 fusion_builder_column_1_3 1_3 fusion-one-third fusion-column-first fusion-column-no-min-height\" style=\"--awb-bg-size:cover;--awb-margin-bottom:0px;width:30.6666%; margin-right: 4%;\"><div class=\"fusion-column-wrapper fusion-flex-column-wrapper-legacy\"><div class=\"fusion-clearfix\"><\/div><\/div><\/div><div class=\"fusion-layout-column fusion_builder_column fusion-builder-column-3 fusion_builder_column_2_3 2_3 fusion-two-third fusion-column-last fusion-column-no-min-height\" style=\"--awb-bg-size:cover;--awb-margin-bottom:0px;width:65.3333%;\"><div class=\"fusion-column-wrapper fusion-flex-column-wrapper-legacy\"><div class=\"fusion-sep-clear\"><\/div><div class=\"fusion-separator fusion-full-width-sep\" style=\"margin-left: auto;margin-right: auto;width:100%;\"><\/div><div class=\"fusion-sep-clear\"><\/div><div class=\"fusion-clearfix\"><\/div><\/div><\/div><div class=\"fusion-layout-column fusion_builder_column fusion-builder-column-4 fusion_builder_column_3_5 3_5 fusion-three-fifth fusion-column-first fusion-column-no-min-height\" style=\"--awb-bg-size:cover;--awb-margin-bottom:0px;width:58.4%; margin-right: 4%;\"><div class=\"fusion-column-wrapper fusion-flex-column-wrapper-legacy\"><div class=\"fusion-clearfix\"><\/div><\/div><\/div><div class=\"fusion-layout-column fusion_builder_column fusion-builder-column-5 fusion_builder_column_2_5 2_5 fusion-two-fifth fusion-column-last fusion-column-no-min-height\" style=\"--awb-bg-size:cover;--awb-margin-bottom:0px;width:37.6%;\"><div class=\"fusion-column-wrapper fusion-flex-column-wrapper-legacy\"><div class=\"fusion-clearfix\"><\/div><\/div><\/div><div class=\"fusion-layout-column fusion_builder_column fusion-builder-column-6 fusion_builder_column_1_3 1_3 fusion-one-third fusion-column-first fusion-column-no-min-height\" style=\"--awb-bg-color:#aa162e;--awb-bg-color-hover:#aa162e;--awb-bg-size:cover;--awb-border-color:#aa162e;--awb-border-top:22px;--awb-border-right:22px;--awb-border-bottom:22px;--awb-border-left:22px;--awb-border-style:solid;width:33.333333333333%;width:calc(33.333333333333% - ( ( 10% ) * 0.33333333333333 ) );margin-right: 10%;\"><div class=\"fusion-column-wrapper fusion-flex-column-wrapper-legacy\"><div class=\"fusion-text fusion-text-1\"><h2><span style=\"color: #ffffff;\">Deadlines<\/span><\/h2>\n<h3><span style=\"color: #ffffff;\">Paper submissions:<\/span><br \/>\n<span style=\"color: #ffffff;\"> <strong>February 15, 2018<\/strong><\/span><\/h3>\n<h3><span style=\"color: #ffffff;\">Decision on submissions:<\/span><br \/>\n<span style=\"color: #ffffff;\"> <strong>March 15, 2018<\/strong><\/span><\/h3>\n<h3><span style=\"color: #ffffff;\">Registration:<\/span><br \/>\n<span style=\"color: #ffffff;\"> <strong>April 15, 2018<\/strong><\/span><\/h3>\n<h3><span style=\"color: #ffffff;\">Withdrawal reimbursements:<\/span><br \/>\n<span style=\"color: #ffffff;\"> <strong>April 30, 2018<\/strong><\/span><\/h3>\n<\/div><div class=\"fusion-text fusion-text-2\"><p><span style=\"color: #aa162e;\">.<\/span><br \/>\n<span style=\"color: #aa162e;\">.<\/span><\/p>\n<\/div><div class=\"fusion-text fusion-text-3\"><h3><span style=\"color: #ffffff;\">Program link<\/span><\/h3>\n<\/div><div class=\"fusion-alignleft\"><a class=\"fusion-button button-flat button-large button-custom fusion-button-default button-1 fusion-button-default-span fusion-button-default-type\" style=\"--button_accent_color:#ffffff;--button_accent_hover_color:#0a6664;--button_border_hover_color:#0a6664;--button-border-radius-top-left:25px;--button-border-radius-top-right:25px;--button-border-radius-bottom-right:25px;--button-border-radius-bottom-left:25px;--button_gradient_top_color:#009185;--button_gradient_bottom_color:#009185;--button_gradient_top_color_hover:#009185;--button_gradient_bottom_color_hover:#009185;\" target=\"_self\" href=\"https:\/\/editorialexpress.com\/conference\/SED2018\/program\/SED2018.html\"><span class=\"fusion-button-text\">Program<\/span><\/a><\/div><div class=\"fusion-text fusion-text-4\"><p><span style=\"color: #aa162e;\">.<\/span><br \/>\n<span style=\"color: #aa162e;\">.<\/span><\/p>\n<\/div><div class=\"fusion-text fusion-text-5\"><h3><span style=\"color: #ffffff;\">Download the 2018 SED APP<\/span><\/h3>\n<\/div><div class=\"fusion-alignleft\"><a class=\"fusion-button button-flat button-large button-custom fusion-button-default button-2 fusion-button-default-span fusion-button-default-type\" style=\"--button_accent_color:#ffffff;--button_accent_hover_color:#0a6664;--button_border_hover_color:#0a6664;--button-border-radius-top-left:25px;--button-border-radius-top-right:25px;--button-border-radius-bottom-right:25px;--button-border-radius-bottom-left:25px;--button_gradient_top_color:#009185;--button_gradient_bottom_color:#009185;--button_gradient_top_color_hover:#009185;--button_gradient_bottom_color_hover:#009185;\" target=\"_self\" href=\"https:\/\/david-alegre.com\/repo-sed\/app_sed2018\/\"><span class=\"fusion-button-text\">Install APP <\/span><\/a><\/div><div class=\"fusion-text fusion-text-6\"><p><span style=\"color: #aa162e;\">.<\/span><br \/>\n<span style=\"color: #aa162e;\">.<\/span><\/p>\n<\/div><div class=\"fusion-clearfix\"><\/div><\/div><\/div><div class=\"fusion-layout-column fusion_builder_column fusion-builder-column-7 fusion_builder_column_2_3 2_3 fusion-two-third fusion-column-last\" style=\"--awb-bg-size:cover;width:66.666666666667%;width:calc(66.666666666667% - ( ( 10% ) * 0.66666666666667 ) );\"><div class=\"fusion-column-wrapper fusion-flex-column-wrapper-legacy\"><div class=\"fusion-button-wrapper\"><a class=\"fusion-button button-3d button-xlarge button-custom fusion-button-default button-3 fusion-button-default-span \" style=\"--button_bevel_color:#919191;--button_accent_color:#ffffff;--button_accent_hover_color:#ffffff;--button_border_hover_color:#ffffff;--button_border_width-top:1px;--button_border_width-right:1px;--button_border_width-bottom:1px;--button_border_width-left:1px;--button-border-radius-top-left:0px;--button-border-radius-top-right:0px;--button-border-radius-bottom-right:0px;--button-border-radius-bottom-left:0px;--button_gradient_top_color:#232323;--button_gradient_bottom_color:#232323;--button_gradient_top_color_hover:#232323;--button_gradient_bottom_color_hover:#232323;\" target=\"_self\"><span class=\"fusion-button-text\">2018 Annual Meeting of the Society for Economic Dynamics<\/span><\/a><\/div><div class=\"fusion-button-wrapper\"><a class=\"fusion-button button-3d button-xlarge button-custom fusion-button-default button-4 fusion-button-default-span \" style=\"--button_bevel_color:#919191;--button_accent_color:#ffffff;--button_accent_hover_color:#ffffff;--button_border_hover_color:#ffffff;--button_border_width-top:1px;--button_border_width-right:1px;--button_border_width-bottom:1px;--button_border_width-left:1px;--button-border-radius-top-left:0px;--button-border-radius-top-right:0px;--button-border-radius-bottom-right:0px;--button-border-radius-bottom-left:0px;--button_gradient_top_color:#232323;--button_gradient_bottom_color:#232323;--button_gradient_top_color_hover:#232323;--button_gradient_bottom_color_hover:#232323;\" target=\"_self\"><span class=\"fusion-button-text\">Mexico City (Mexico), June 28-30, 2018<\/span><\/a><\/div><div class=\"fusion-image-element in-legacy-container\" style=\"--awb-caption-title-font-family:var(--h2_typography-font-family);--awb-caption-title-font-weight:var(--h2_typography-font-weight);--awb-caption-title-font-style:var(--h2_typography-font-style);--awb-caption-title-size:var(--h2_typography-font-size);--awb-caption-title-transform:var(--h2_typography-text-transform);--awb-caption-title-line-height:var(--h2_typography-line-height);--awb-caption-title-letter-spacing:var(--h2_typography-letter-spacing);\"><span class=\" fusion-imageframe imageframe-none imageframe-1 hover-type-none\"><img fetchpriority=\"high\" fetchpriority=\"high\" decoding=\"async\" width=\"1800\" height=\"1012\" title=\"mexicocity5\" src=\"https:\/\/david-alegre.com\/repo-sed\/wp-content\/uploads\/mexicocity5.jpg\" alt class=\"img-responsive wp-image-15246\" srcset=\"https:\/\/david-alegre.com\/repo-sed\/wp-content\/uploads\/mexicocity5-200x112.jpg 200w, https:\/\/david-alegre.com\/repo-sed\/wp-content\/uploads\/mexicocity5-400x225.jpg 400w, https:\/\/david-alegre.com\/repo-sed\/wp-content\/uploads\/mexicocity5-600x337.jpg 600w, https:\/\/david-alegre.com\/repo-sed\/wp-content\/uploads\/mexicocity5-800x450.jpg 800w, https:\/\/david-alegre.com\/repo-sed\/wp-content\/uploads\/mexicocity5-1200x675.jpg 1200w, https:\/\/david-alegre.com\/repo-sed\/wp-content\/uploads\/mexicocity5.jpg 1800w\" sizes=\"(max-width: 800px) 100vw, 800px\" \/><\/span><\/div><div class=\"fusion-title title fusion-title-1 fusion-title-text fusion-title-size-one\"><h1 class=\"fusion-title-heading title-heading-left\" style=\"margin:0;\"><h1>SED 2018<\/h1><\/h1><span class=\"awb-title-spacer\"><\/span><div class=\"title-sep-container\"><div class=\"title-sep sep-single sep-solid\" style=\"border-color:#56705c;\"><\/div><\/div><\/div><div class=\"fusion-text fusion-text-7\"><h3>The 2018 SED Meeting is hosted by the <a href=\"https:\/\/en.wikipedia.org\/wiki\/Instituto_Tecnol%C3%B3gico_Aut%C3%B3nomo_de_M%C3%A9xico\">Instituto Tecnol\u00f3gico Aut\u00f3nomo de M\u00e9xico (ITAM)<\/a>. The program chairs are <a href=\"https:\/\/ideas.repec.org\/f\/pla492.html\">David Lagakos<\/a> (UCSD) and <a href=\"http:\/\/www.sas.upenn.edu\/%7Eordonez\/\">Guillermo Ordonez<\/a> (U Penn).<\/h3>\n<\/div><div class=\"fusion-text fusion-text-8\"><h3>This meeting is sponsored by the <a href=\"https:\/\/www.itam.mx\/\">Instituto Tecnol\u00f3gico Aut\u00f3nomo de M\u00e9xico<\/a> with the support of the <a href=\"http:\/\/www.banxico.org.mx\/\">Banco de M\u00e9xico<\/a>.\u00a0The local organizers are <a href=\"https:\/\/ideas.repec.org\/e\/pdo120.html\">Diego Dom\u00ednguez<\/a> (ITAM), <a href=\"http:\/\/facultad.itam.mx\/legacy\/facultad\/profesoresDetalles.php?id_profesor=73\">Germ\u00e1n Rojas<\/a>\u00a0(ITAM), and <a href=\"https:\/\/ideas.repec.org\/e\/pur2.html\">Carlos Urrutia<\/a> (ITAM).<\/h3>\n<\/div><div class=\"fusion-title title fusion-title-2 fusion-title-text fusion-title-size-one\"><h1 class=\"fusion-title-heading title-heading-left\" style=\"margin:0;\">Plenary speakers<\/h1><span class=\"awb-title-spacer\"><\/span><div class=\"title-sep-container\"><div class=\"title-sep sep-single sep-solid\" style=\"border-color:#56705c;\"><\/div><\/div><\/div><div class=\"fusion-content-boxes content-boxes columns row fusion-columns-3 fusion-columns-total-3 fusion-content-boxes-1 content-boxes-icon-with-title content-left\" style=\"--awb-margin-top:-40px;--awb-margin-bottom:-20px;--awb-hover-accent-color:#007367;--awb-circle-hover-accent-color:#007367;\" data-animationOffset=\"top-into-view\"><div style=\"--awb-backgroundcolor:#ffffff;\" class=\"fusion-column content-box-column content-box-column content-box-column-1 col-lg-4 col-md-4 col-sm-4 fusion-content-box-hover content-box-column-first-in-row\"><div class=\"col content-box-wrapper content-wrapper-background link-area-link-icon icon-hover-animation-fade\" data-animationOffset=\"top-into-view\"><div class=\"fusion-clearfix\"><\/div><div class=\"content-container\">\n<h3 style=\"text-align: center;\"><img decoding=\"async\" class=\"alignnone size-full wp-image-15276\" src=\"https:\/\/david-alegre.com\/repo-sed\/wp-content\/uploads\/Altonki.jpg\" alt=\"\" width=\"150\" height=\"200\" \/><\/h3>\n<h3 style=\"text-align: center;\"><strong><a href=\"https:\/\/ideas.repec.org\/f\/pal266.html\">Joseph Altonji<\/a><\/strong><br \/>\nYale<\/h3>\n<h3 style=\"text-align: center;\"><a href=\"https:\/\/david-alegre.com\/repo-sed\/wp-content\/uploads\/Earnings-Marriage-and-Family-Income-SED-final.pdf\">Plenary Slides<\/a><\/h3>\n<h3 style=\"text-align: center;\"><a href=\"https:\/\/david-alegre.com\/repo-sed\/2018_plenary_videos\/\">Video<\/a><\/h3>\n<\/div><\/div><\/div><div style=\"--awb-backgroundcolor:#ffffff;\" class=\"fusion-column content-box-column content-box-column content-box-column-2 col-lg-4 col-md-4 col-sm-4 fusion-content-box-hover \"><div class=\"col content-box-wrapper content-wrapper-background link-area-link-icon icon-hover-animation-fade\" data-animationOffset=\"top-into-view\"><div class=\"fusion-clearfix\"><\/div><div class=\"content-container\">\n<h3><img decoding=\"async\" class=\"wp-image-15277 aligncenter\" src=\"https:\/\/david-alegre.com\/repo-sed\/wp-content\/uploads\/Mendoza_100212_0077.jpg\" alt=\"\" width=\"152\" height=\"190\" srcset=\"https:\/\/david-alegre.com\/repo-sed\/wp-content\/uploads\/Mendoza_100212_0077-200x250.jpg 200w, https:\/\/david-alegre.com\/repo-sed\/wp-content\/uploads\/Mendoza_100212_0077-240x300.jpg 240w, https:\/\/david-alegre.com\/repo-sed\/wp-content\/uploads\/Mendoza_100212_0077-400x500.jpg 400w, https:\/\/david-alegre.com\/repo-sed\/wp-content\/uploads\/Mendoza_100212_0077-600x750.jpg 600w, https:\/\/david-alegre.com\/repo-sed\/wp-content\/uploads\/Mendoza_100212_0077-768x960.jpg 768w, https:\/\/david-alegre.com\/repo-sed\/wp-content\/uploads\/Mendoza_100212_0077-800x1000.jpg 800w, https:\/\/david-alegre.com\/repo-sed\/wp-content\/uploads\/Mendoza_100212_0077-819x1024.jpg 819w, https:\/\/david-alegre.com\/repo-sed\/wp-content\/uploads\/Mendoza_100212_0077.jpg 1200w\" sizes=\"(max-width: 152px) 100vw, 152px\" \/><\/h3>\n<h3 style=\"text-align: center;\"><a href=\"https:\/\/ideas.repec.org\/e\/pme30.html\"><strong>Enrique Mendoza<\/strong><\/a><br \/>\nU Penn<\/h3>\n<h3 style=\"text-align: center;\"><a href=\"https:\/\/david-alegre.com\/repo-sed\/wp-content\/uploads\/Keynote2018.pdf\">Plenary Slides<\/a><\/h3>\n<h3 style=\"text-align: center;\"><a href=\"https:\/\/david-alegre.com\/repo-sed\/2018_plenary_videos\/\">Video<\/a><\/h3>\n<\/div><\/div><\/div><div style=\"--awb-backgroundcolor:#ffffff;\" class=\"fusion-column content-box-column content-box-column content-box-column-3 col-lg-4 col-md-4 col-sm-4 fusion-content-box-hover content-box-column-last content-box-column-last-in-row\"><div class=\"col content-box-wrapper content-wrapper-background link-area-link-icon icon-hover-animation-fade\" data-animationOffset=\"top-into-view\"><div class=\"fusion-clearfix\"><\/div><div class=\"content-container\">\n<h3><img loading=\"lazy\" decoding=\"async\" class=\"wp-image-15281 aligncenter\" src=\"https:\/\/david-alegre.com\/repo-sed\/wp-content\/uploads\/stokey_0.png\" alt=\"\" width=\"137\" height=\"206\" \/><\/h3>\n<h3 style=\"text-align: center;\"><a href=\"https:\/\/ideas.repec.org\/f\/pst365.html\"><strong>Nancy Stokey<\/strong><\/a><br \/>\nU Chicago<\/h3>\n<h3 style=\"text-align: center;\"><a href=\"https:\/\/david-alegre.com\/repo-sed\/wp-content\/uploads\/Stokey-Technology-Diffusion-SED-2018.pdf\">Plenary Slides<\/a><\/h3>\n<h3 style=\"text-align: center;\"><a href=\"https:\/\/david-alegre.com\/repo-sed\/2018_plenary_videos\/\">Video<\/a><\/h3>\n<\/div><\/div><\/div><div class=\"fusion-clearfix\"><\/div><\/div><div class=\"fusion-clearfix\"><\/div><\/div><\/div><div class=\"fusion-layout-column fusion_builder_column fusion-builder-column-8 fusion_builder_column_1_1 1_1 fusion-one-full fusion-column-first fusion-column-last fusion-column-no-min-height\" style=\"--awb-bg-color:#aa162e;--awb-bg-color-hover:#aa162e;--awb-bg-size:cover;--awb-border-color:#aa162e;--awb-border-top:22px;--awb-border-right:22px;--awb-border-bottom:22px;--awb-border-left:22px;--awb-border-style:solid;\"><div class=\"fusion-column-wrapper fusion-flex-column-wrapper-legacy\"><div class=\"fusion-clearfix\"><\/div><\/div><\/div><div class=\"fusion-layout-column fusion_builder_column fusion-builder-column-9 fusion_builder_column_1_1 1_1 fusion-one-full fusion-column-first fusion-column-last\" style=\"--awb-bg-size:cover;--awb-margin-bottom:-24px;\"><div class=\"fusion-column-wrapper fusion-flex-column-wrapper-legacy\"><div class=\"fusion-content-boxes content-boxes columns row fusion-columns-3 fusion-columns-total-3 fusion-content-boxes-2 content-boxes-icon-with-title content-left\" style=\"--awb-body-color:#007e87;--awb-title-color:#007e87;--awb-hover-accent-color:#007367;--awb-circle-hover-accent-color:#007367;\" data-animationOffset=\"top-into-view\"><div style=\"--awb-backgroundcolor:#ffffff;\" class=\"fusion-column content-box-column content-box-column content-box-column-1 col-lg-4 col-md-4 col-sm-4 fusion-content-box-hover content-box-column-first-in-row\"><div class=\"col content-box-wrapper content-wrapper-background link-area-link-icon link-type-text icon-hover-animation-fade\" data-animationOffset=\"top-into-view\"><div class=\"heading icon-left\"><a class=\"heading-link\" style=\"float:left;\" href=\"https:\/\/sed2018.itam.mx\/\" target=\"_self\"><h2 class=\"content-box-heading\" style=\"--h2_typography-font-size:26px;line-height:31px;\">Before you travel<\/h2><\/a><\/div><div class=\"fusion-clearfix\"><\/div><div class=\"content-container\">\n<h3 data-fontsize=\"25\" data-lineheight=\"37\"><a href=\"https:\/\/sed2018.itam.mx\/registration\"><strong>Registration<\/strong><\/a><\/h3>\n<h3 data-fontsize=\"25\" data-lineheight=\"37\"><strong><a href=\"https:\/\/sed2018.itam.mx\/accommodation\">Accommodation<\/a><\/strong><\/h3>\n<h3 data-fontsize=\"25\" data-lineheight=\"37\"><strong><span style=\"color: #ffffff;\"><a href=\"https:\/\/sed2018.itam.mx\/visa-information\">Visa Information<\/a><\/span><\/strong><\/h3>\n<h4><strong><a href=\"https:\/\/david-alegre.com\/repo-sed\/app_sed2018\/\">Install 2018 SED APP<\/a><\/strong><\/h4>\n<h2 data-fontsize=\"25\" data-lineheight=\"37\"><\/h2>\n<\/div><\/div><\/div><div style=\"--awb-backgroundcolor:#ffffff;\" class=\"fusion-column content-box-column content-box-column content-box-column-2 col-lg-4 col-md-4 col-sm-4 fusion-content-box-hover \"><div class=\"col content-box-wrapper content-wrapper-background link-area-link-icon link-type-text icon-hover-animation-fade\" data-animationOffset=\"top-into-view\"><div class=\"heading icon-left\"><a class=\"heading-link\" style=\"float:left;\" href=\"https:\/\/sed2018.itam.mx\/\" target=\"_self\"><h2 class=\"content-box-heading\" style=\"--h2_typography-font-size:26px;line-height:31px;\">At the Conference<\/h2><\/a><\/div><div class=\"fusion-clearfix\"><\/div><div class=\"content-container\">\n<h3 data-fontsize=\"20\" data-lineheight=\"30\"><strong><a href=\"https:\/\/sed2018.itam.mx\/transportation\">Transportation<\/a><\/strong><\/h3>\n<h3 data-fontsize=\"25\" data-lineheight=\"37\"><a href=\"https:\/\/editorialexpress.com\/conference\/SED2018\/program\/SED2018.html\"><strong>Program<\/strong><\/a><\/h3>\n<h3 data-fontsize=\"25\" data-lineheight=\"37\"><strong><a href=\"https:\/\/sed2018.itam.mx\/social-events\">Social Events<\/a><\/strong><\/h3>\n<\/div><\/div><\/div><div style=\"--awb-backgroundcolor:#ffffff;\" class=\"fusion-column content-box-column content-box-column content-box-column-3 col-lg-4 col-md-4 col-sm-4 fusion-content-box-hover content-box-column-last content-box-column-last-in-row\"><div class=\"col content-box-wrapper content-wrapper-background link-area-link-icon link-type-text icon-hover-animation-fade\" data-animationOffset=\"top-into-view\"><div class=\"heading icon-left\"><a class=\"heading-link\" style=\"float:left;\" href=\"https:\/\/sed2018.itam.mx\/\" target=\"_self\"><h2 class=\"content-box-heading\" style=\"--h2_typography-font-size:26px;line-height:31px;\">Local Information<\/h2><\/a><\/div><div class=\"fusion-clearfix\"><\/div><div class=\"content-container\">\n<h3 data-fontsize=\"25\" data-lineheight=\"37\"><strong><a href=\"https:\/\/sed2018.itam.mx\/important-information\">Important Information: Mexican Presidential Election<\/a><\/strong><\/h3>\n<h3 data-fontsize=\"25\" data-lineheight=\"37\"><strong><a href=\"https:\/\/sed2018.itam.mx\/services-at-the-conference\">Services at the Conference<\/a><\/strong><\/h3>\n<h3 data-fontsize=\"25\" data-lineheight=\"37\"><strong><a href=\"https:\/\/sed2018.itam.mx\/visit-mexico\">Visit Mexico<\/a><\/strong><\/h3>\n<\/div><\/div><\/div><div class=\"fusion-clearfix\"><\/div><\/div><div class=\"fusion-clearfix\"><\/div><\/div><\/div><div class=\"fusion-layout-column fusion_builder_column fusion-builder-column-10 fusion_builder_column_1_1 1_1 fusion-one-full fusion-column-first fusion-column-last fusion-column-no-min-height\" style=\"--awb-bg-color:#aa162e;--awb-bg-color-hover:#aa162e;--awb-bg-size:cover;--awb-border-color:#aa162e;--awb-border-top:22px;--awb-border-right:22px;--awb-border-bottom:22px;--awb-border-left:22px;--awb-border-style:solid;\"><div class=\"fusion-column-wrapper fusion-flex-column-wrapper-legacy\"><div class=\"fusion-clearfix\"><\/div><\/div><\/div><\/div><\/div>\n","protected":false},"excerpt":{"rendered":"","protected":false},"author":1,"featured_media":0,"parent":0,"menu_order":0,"comment_status":"closed","ping_status":"closed","template":"","meta":{"_bbp_topic_count":0,"_bbp_reply_count":0,"_bbp_total_topic_count":0,"_bbp_total_reply_count":0,"_bbp_voice_count":0,"_bbp_anonymous_reply_count":0,"_bbp_topic_count_hidden":0,"_bbp_reply_count_hidden":0,"_bbp_forum_subforum_count":0,"_coblocks_attr":"","_coblocks_dimensions":"","_coblocks_responsive_height":"","_coblocks_accordion_ie_support":"","footnotes":""},"class_list":["post-15237","page","type-page","status-publish","hentry"],"_links":{"self":[{"href":"https:\/\/david-alegre.com\/repo-sed\/wp-json\/wp\/v2\/pages\/15237","targetHints":{"allow":["GET"]}}],"collection":[{"href":"https:\/\/david-alegre.com\/repo-sed\/wp-json\/wp\/v2\/pages"}],"about":[{"href":"https:\/\/david-alegre.com\/repo-sed\/wp-json\/wp\/v2\/types\/page"}],"author":[{"embeddable":true,"href":"https:\/\/david-alegre.com\/repo-sed\/wp-json\/wp\/v2\/users\/1"}],"replies":[{"embeddable":true,"href":"https:\/\/david-alegre.com\/repo-sed\/wp-json\/wp\/v2\/comments?post=15237"}],"version-history":[{"count":63,"href":"https:\/\/david-alegre.com\/repo-sed\/wp-json\/wp\/v2\/pages\/15237\/revisions"}],"predecessor-version":[{"id":15559,"href":"https:\/\/david-alegre.com\/repo-sed\/wp-json\/wp\/v2\/pages\/15237\/revisions\/15559"}],"wp:attachment":[{"href":"https:\/\/david-alegre.com\/repo-sed\/wp-json\/wp\/v2\/media?parent=15237"}],"curies":[{"name":"wp","href":"https:\/\/api.w.org\/{rel}","templated":true}]}}