{"id":13738,"date":"2016-01-14T17:01:56","date_gmt":"2016-01-14T17:01:56","guid":{"rendered":"https:\/\/david-alegre.com\/repo-sed\/?page_id=13738"},"modified":"2017-07-24T04:36:14","modified_gmt":"2017-07-24T04:36:14","slug":"accomodation_sed2016","status":"publish","type":"page","link":"https:\/\/david-alegre.com\/repo-sed\/accomodation_sed2016\/","title":{"rendered":"Accomodation_SED2016"},"content":{"rendered":"<div class=\"fusion-fullwidth fullwidth-box fusion-builder-row-1 hundred-percent-fullwidth non-hundred-percent-height-scrolling\" style=\"--awb-border-radius-top-left:0px;--awb-border-radius-top-right:0px;--awb-border-radius-bottom-right:0px;--awb-border-radius-bottom-left:0px;--awb-overflow:visible;--awb-flex-wrap:wrap;\" ><div class=\"fusion-builder-row fusion-row\"><div class=\"fusion-layout-column fusion_builder_column fusion-builder-column-0 fusion_builder_column_1_1 1_1 fusion-one-full fusion-column-first fusion-column-last fusion-column-no-min-height\" style=\"--awb-bg-size:cover;--awb-margin-bottom:0px;\"><div class=\"fusion-column-wrapper fusion-flex-column-wrapper-legacy\"><div class=\"fusion-title title fusion-title-1 fusion-title-text fusion-title-size-one\"><h1 class=\"fusion-title-heading title-heading-left\" style=\"margin:0;\">Accommodation<\/h1><span class=\"awb-title-spacer\"><\/span><div class=\"title-sep-container\"><div class=\"title-sep sep-single sep-solid\" style=\"border-color:#56705c;\"><\/div><\/div><\/div><div class=\"fusion-clearfix\"><\/div><\/div><\/div><div class=\"fusion-layout-column fusion_builder_column fusion-builder-column-1 fusion_builder_column_5_6 5_6 fusion-five-sixth fusion-column-first\" style=\"--awb-bg-size:cover;width:82.6666%; margin-right: 4%;\"><div class=\"fusion-column-wrapper fusion-flex-column-wrapper-legacy\"><div class=\"fusion-text fusion-text-1\"><h3>Toulouse offers a wide range of hotels from 2* to 5*. We have prepared a selection of hotels which are close to the conference venue and to public transports and offer special discounts for SED participants. There are a limited number of SED price rooms in each hotel, available on the week\u2019s event.<\/h3>\n<h3>Please note that the EUROCUP 2016 will take place in Toulouse in June, we recommend you <span style=\"color: #800000;\">book your accommodation as early as possible.<\/span><\/h3>\n<p style=\"text-align: center;\"><iframe src=\"https:\/\/www.google.com\/maps\/d\/embed?mid=zUnimSCrghq8.kefUsa8YBdj8\" width=\"640\" height=\"480\"><\/iframe><\/p>\n<\/div><div class=\"fusion-clearfix\"><\/div><\/div><\/div><div class=\"fusion-layout-column fusion_builder_column fusion-builder-column-2 fusion_builder_column_2_5 2_5 fusion-two-fifth fusion-column-last\" style=\"--awb-bg-size:cover;width:37.6%;\"><div class=\"fusion-column-wrapper fusion-flex-column-wrapper-legacy\"><div class=\"fusion-text fusion-text-2\"><h3>You can use currency converter on the right. Please keep in mind that this is only estimated calculation powered by Google.<\/h3>\n<\/div><div class=\"fusion-clearfix\"><\/div><\/div><\/div><div class=\"fusion-layout-column fusion_builder_column fusion-builder-column-3 fusion_builder_column_1_4 1_4 fusion-one-fourth fusion-column-first\" style=\"--awb-bg-size:cover;width:22%; margin-right: 4%;\"><div class=\"fusion-column-wrapper fusion-flex-column-wrapper-legacy\"><div class=\"fusion-text fusion-text-3\"><p><iframe id=\"gcurrency\" src=\"https:\/\/www.google.com\/finance\/converter?a=1&amp;from=eur&amp;to=usd\" width=\"350\" height=\"200\"><\/iframe><\/p>\n<\/div><div class=\"fusion-clearfix\"><\/div><\/div><\/div><div class=\"fusion-layout-column fusion_builder_column fusion-builder-column-4 fusion_builder_column_1_4 1_4 fusion-one-fourth\" style=\"--awb-bg-size:cover;width:22%; margin-right: 4%;\"><div class=\"fusion-column-wrapper fusion-flex-column-wrapper-legacy\"><div class=\"fusion-clearfix\"><\/div><\/div><\/div><div class=\"fusion-layout-column fusion_builder_column fusion-builder-column-5 fusion_builder_column_1_1 1_1 fusion-one-full fusion-column-last\" style=\"--awb-bg-size:cover;\"><div class=\"fusion-column-wrapper fusion-flex-column-wrapper-legacy\"><div class=\"fusion-text fusion-text-4\"><div class=\"table-1\">\n<table width=\"100%\">\n<thead>\n<tr>\n<th align=\"left\"><span style=\"color: black;\">Hotels<\/span><\/th>\n<th align=\"left\"><span style=\"color: black;\">Ranking<\/span><\/th>\n<th align=\"left\"><span style=\"color: black;\">Special rate starting from (double room, breakfast included)<\/span><\/th>\n<th align=\"left\"><span style=\"color: black;\">Booking information<\/span><\/th>\n<th align=\"left\"><span style=\"color: black;\">Address<\/span><\/th>\n<th align=\"left\"><span style=\"color: black;\">Contact<\/span><\/th>\n<th align=\"left\"><span style=\"color: black;\">SED CODE<\/span><\/th>\n<\/tr>\n<\/thead>\n<tbody>\n<tr>\n<td>Aparthotel Adagio AccessToulouse Jolimont<\/td>\n<td>Appart&#8217;hotel<\/td>\n<td>\u00a0\u00a0 54.15 \u20ac<\/td>\n<td><a href=\"http:\/\/www.accorhotels.com\/lien_externe.svlt?goto=rech_resa&amp;destination=0906,1585,1260,0370,8505,2772,1429,2584,1430,8388,1091,8481,1910,8399&amp;sourceid=SED1&amp;dayIn=2&amp;monthIn=7&amp;yearIn=2016&amp;nightNb=1&amp;preferredCode=SED1&amp;merchantid=par-accorFR&amp;xtor=ADC-5009\">Book a room here<\/a><\/td>\n<td>11 Avenue Leon Blum<\/td>\n<td width=\"337\"><a href=\"mailto:h8388@adagio-city.com\">0033 (0)5 343 028 00<br \/>\nh8388@adagio-city.com<\/a><\/td>\n<td>&#8220;SED1&#8221; automatically generated on website<\/td>\n<\/tr>\n<tr>\n<td>Adagio Saint Cyprien<\/td>\n<td>Appart&#8217;hotel<\/td>\n<td>\u00a072.20 \u20ac<\/td>\n<td><a href=\"http:\/\/www.accorhotels.com\/lien_externe.svlt?goto=rech_resa&amp;destination=0906,1585,1260,0370,8505,2772,1429,2584,1430,8388,1091,8481,1910,8399&amp;sourceid=SED1&amp;dayIn=2&amp;monthIn=7&amp;yearIn=2016&amp;nightNb=1&amp;preferredCode=SED1&amp;merchantid=par-accorFR&amp;xtor=ADC-5009\">Book a room here<\/a><\/td>\n<td>37 Ter Avenue , Etienne Billieres<\/td>\n<td>0033 (0)5 345 096 00<br \/>\nh8399@adagio-city.com<\/td>\n<td width=\"182\">&#8220;SED1&#8221; automatically generated on website<\/td>\n<\/tr>\n<tr>\n<td>Aparthotel Adagio Toulouse Parthenon<\/td>\n<td>Appart&#8217;hotel<\/td>\n<td>\u00a0100.70 \u20ac<\/td>\n<td><a href=\"http:\/\/www.accorhotels.com\/lien_externe.svlt?goto=rech_resa&amp;destination=0906,1585,1260,0370,8505,2772,1429,2584,1430,8388,1091,8481,1910,8399&amp;sourceid=SED1&amp;dayIn=2&amp;monthIn=7&amp;yearIn=2016&amp;nightNb=1&amp;preferredCode=SED1&amp;merchantid=par-accorFR&amp;xtor=ADC-5009\">Book a room here<\/a><\/td>\n<td>86 all\u00e9es Jean Jaur\u00e8s<\/td>\n<td>0033 (0)5 611 024 00<br \/>\nh1910@adagio-city.com<\/td>\n<td>&#8220;SED1&#8221; automatically generated on website<\/td>\n<\/tr>\n<tr>\n<td>Pullman<\/td>\n<td>5*<\/td>\n<td>108.00 \u20ac<\/td>\n<td><a href=\"http:\/\/www.accorhotels.com\/lien_externe.svlt?goto=rech_resa&amp;destination=0906,1585,1260,0370,8505,2772,1429,2584,1430,8388,1091,8481,1910,8399&amp;sourceid=SED1&amp;dayIn=2&amp;monthIn=7&amp;yearIn=2016&amp;nightNb=1&amp;preferredCode=SED1&amp;merchantid=par-accorFR&amp;xtor=ADC-5009\">Book a room here<\/a><\/td>\n<td>84 All\u00e9e Jean-Jaur\u00e8s<\/td>\n<td width=\"337\">0033 (0)5 31 10 23 10<br \/>\nH1091@accor.com<\/td>\n<td width=\"182\">&#8220;SED1&#8221; automatically generated on website<\/td>\n<\/tr>\n<tr>\n<td width=\"341\"><a href=\"http:\/\/www.hoteldebrienne.com\/uk\/hotel-design-toulouse-site-officiel.php\"><b>H\u00f4tel de Brienne<\/b><\/a><\/td>\n<td>4*<\/td>\n<td>110.00 \u20ac<\/td>\n<td><a href=\"mailto:brienne@hoteldebrienne.com\">Book a room here<\/a><\/td>\n<td>20 bvd Mar\u00e9chal Leclerc<\/td>\n<td>0033 (0)5 61 23 60 60<br \/>\nbrienne@hoteldebrienne.com<\/td>\n<td>SED<\/td>\n<\/tr>\n<tr>\n<td>Novotel Toulouse Compans Caffarelli<\/td>\n<td>4*<\/td>\n<td>\u00a0105.00 \u20ac<\/td>\n<td><a href=\"http:\/\/www.accorhotels.com\/lien_externe.svlt?goto=rech_resa&amp;destination=0906,1585,1260,0370,8505,2772,1429,2584,1430,8388,1091,8481,1910,8399&amp;sourceid=SED1&amp;dayIn=2&amp;monthIn=7&amp;yearIn=2016&amp;nightNb=1&amp;preferredCode=SED1&amp;merchantid=par-accorFR&amp;xtor=ADC-5009\">Book a room here<\/a><\/td>\n<td width=\"341\">5 Place Alphonse Jourdain<\/td>\n<td width=\"337\">0033 (0)5 61 21 74 74<br \/>\nH0906@accor.com<\/td>\n<td width=\"182\">&#8220;SED1&#8221; automatically generated on website<\/td>\n<\/tr>\n<tr>\n<td>Mercure Toulouse Compans Caffarelli<\/td>\n<td>4*<\/td>\n<td>\u00a0 105.00 \u20ac<\/td>\n<td><a href=\"http:\/\/www.accorhotels.com\/lien_externe.svlt?goto=rech_resa&amp;destination=0906,1585,1260,0370,8505,2772,1429,2584,1430,8388,1091,8481,1910,8399&amp;sourceid=SED1&amp;dayIn=2&amp;monthIn=7&amp;yearIn=2016&amp;nightNb=1&amp;preferredCode=SED1&amp;merchantid=par-accorFR&amp;xtor=ADC-5009\">Book a room here<\/a><\/td>\n<td>8 Esplanade Compans Caffarelli<\/td>\n<td>0033 (0)5 61 11 09 09<br \/>\nH1585@accor.com<\/td>\n<td>&#8220;SED1&#8221; automatically generated on website<\/td>\n<\/tr>\n<tr>\n<td>Novotel Toulouse Wilson<\/td>\n<td>4*<\/td>\n<td>\u00a0110.00 \u20ac<\/td>\n<td><a href=\"http:\/\/www.accorhotels.com\/lien_externe.svlt?goto=rech_resa&amp;destination=0906,1585,1260,0370,8505,2772,1429,2584,1430,8388,1091,8481,1910,8399&amp;sourceid=SED1&amp;dayIn=2&amp;monthIn=7&amp;yearIn=2016&amp;nightNb=1&amp;preferredCode=SED1&amp;merchantid=par-accorFR&amp;xtor=ADC-5009\">Book a room here<\/a><\/td>\n<td>15 Place du Pr\u00e9sident Thomas Wilson<\/td>\n<td>0033 (0)5 61 10 70 70<br \/>\nH8505@accor.com<\/td>\n<td>&#8220;SED1&#8221; automatically generated on website<\/td>\n<\/tr>\n<tr>\n<td>Mercure Toulouse Wilson<\/td>\n<td>4*<\/td>\n<td>110.00 \u20ac<\/td>\n<td><a href=\"http:\/\/www.accorhotels.com\/lien_externe.svlt?goto=rech_resa&amp;destination=0906,1585,1260,0370,8505,2772,1429,2584,1430,8388,1091,8481,1910,8399&amp;sourceid=SED1&amp;dayIn=2&amp;monthIn=7&amp;yearIn=2016&amp;nightNb=1&amp;preferredCode=SED1&amp;merchantid=par-accorFR&amp;xtor=ADC-5009\">Book a room here<\/a><\/td>\n<td>7 rue Labeda<\/td>\n<td>0033 (0)5 34 45 40 60<\/td>\n<td>&#8220;SED1&#8221; automatically generated on website<\/td>\n<\/tr>\n<tr>\n<td><a href=\"http:\/\/www.hotel-albert1.com\/\"><b>H\u00f4tel Albert 1er<\/b><\/a><\/td>\n<td>3*<\/td>\n<td>\u00a0105.00 \u20ac<\/td>\n<td><a href=\"https:\/\/david-alegre.com\/repo-sed\/accomodation_sed2016\/\">Book a room here<\/a><\/td>\n<td>8 rue Rivals<\/td>\n<td>0033 (0)5 61 21 17 91<br \/>\n<a href=\"mailto:toulouse@hotel-albert1.com\" target=\"_blank\">toulouse@hotel-albert1.com<\/a><\/td>\n<td width=\"182\">SED16<\/td>\n<\/tr>\n<tr>\n<td><a href=\"http:\/\/www.hotel-president.com\/\"><b>H\u00f4tel le Pr\u00e9sident<\/b><\/a><\/td>\n<td>2*<\/td>\n<td>\u00a095.00 \u20ac<\/td>\n<td><a href=\"mailto:contact@hotel-president.com\">Book a room here<\/a><\/td>\n<td>45 rue Raymond IV<\/td>\n<td>0033 (0)5 61 63 46 46<br \/>\ncontact@hotel-president.com<\/td>\n<td>SED<\/td>\n<\/tr>\n<tr>\n<td>Privil\u00e8ge H\u00f4tel Mermoz<\/td>\n<td>4*<\/td>\n<td>110.00 \u20ac<\/td>\n<td><a href=\"http:\/\/www.privilegetoulouse.com\/\">Book a room here<\/a><\/td>\n<td>50 rue Matabiau<\/td>\n<td>0033 (0)5 61 63 04 04<br \/>\nreservationmermoz@privilegetoulouse.com<\/td>\n<td width=\"182\">SED2016<\/td>\n<\/tr>\n<tr>\n<td>Privil\u00e8ge Appart H\u00f4tel Cl\u00e9ment Ader<\/td>\n<td>4*<\/td>\n<td>\u00a0 128.00 \u20ac<\/td>\n<td><a href=\"http:\/\/www.privilegetoulouse.com\/\">Book a room here<\/a><\/td>\n<td>23 rue Bayard<\/td>\n<td>0033 (0)5 62 73 28 28<br \/>\nreservationclementader@privilegetoulouse.com<\/td>\n<td>SED2016<\/td>\n<\/tr>\n<tr>\n<td>Privil\u00e8ge Appart H\u00f4tel Saint Exup\u00e9ry<\/td>\n<td>4*<\/td>\n<td>\u00a0118.00 \u20ac<\/td>\n<td><a href=\"http:\/\/www.privilegetoulouse.com\/\">Book a room here<\/a><\/td>\n<td>10 rue Lafon<\/td>\n<td>0033 (0)5 34 41 72 72<br \/>\nreservationexupery@privilegetoulouse.com<\/td>\n<td>SED2016<\/td>\n<\/tr>\n<tr>\n<td><a href=\"http:\/\/www.grandhotel-raymond4.com\/\"><b>Raymond IV<\/b><\/a><\/td>\n<td>3*<\/td>\n<td>\u00a095.00 \u20ac<\/td>\n<td><a href=\"mailto:contact@grandhotel-raymond4.com\">Book a room here<\/a><\/td>\n<td>16 rue Raymond IV<\/td>\n<td>0033 (0)5 61 62 89 41<br \/>\ncontact@grandhotel-raymond4.com<\/td>\n<td>SED<\/td>\n<\/tr>\n<tr>\n<td width=\"341\"><a href=\"http:\/\/www.residhome.com\/residence-hoteliere-aparthotel-toulouse-185.html\"><b>Residome occitania<\/b><\/a><\/td>\n<td>Apparthotel 3*<\/td>\n<td>\u00a0 57.00 \u20ac<\/td>\n<td><a href=\"mailto:toulouse.occitania@residhome.com\">Book a room here<\/a><\/td>\n<td>93 Avenue de Lombez<\/td>\n<td>0033 (0)5 61 44 08 34<br \/>\ntoulouse.occitania@residhome.com<\/td>\n<td>SED<\/td>\n<\/tr>\n<tr>\n<td><a href=\"http:\/\/www.residhome.com\/residence-hoteliere-aparthotel-toulouse-199.html\"><b>Residome Tolosa<\/b><\/a><\/td>\n<td>Apparthotel 3*<\/td>\n<td>\u00a055.00 \u20ac<\/td>\n<td><a href=\"mailto:toulouse.tolosa@residhome.com\">Book a room here<\/a><\/td>\n<td>279 Avenue de Grande Bretagne<\/td>\n<td>0033 (0)5 34 39 80 80<br \/>\ntoulouse.tolosa@residhome.com<\/td>\n<td>SED<\/td>\n<\/tr>\n<tr>\n<td width=\"341\"><a href=\"http:\/\/www.sejours-affaires.com\/residence-hoteliere-aparthotel-toulouse-11.html\"><b>Residhome Apparthotel<br \/>\nS\u00e9jours et Affaires R\u00e9sidence de Brienne<\/b><\/a><\/td>\n<td>Apparthotel 3*<\/td>\n<td>\u00a0\u00a0\u00a0\u00a0\u00a0\u00a0\u00a0\u00a0\u00a0\u00a0\u00a0\u00a0\u00a0\u00a0\u00a0\u00a0\u00a0\u00a0\u00a0\u00a0 50.00 \u20ac<\/td>\n<td><a href=\"mailto:toulouse.brienne@sejours-affaires.com\">Book a room here<\/a><\/td>\n<td>7 impasse du Ramier des Catalans<\/td>\n<td>0033 (0)5 34 44 59 70<br \/>\ntoulouse.brienne@sejours-affaires.com<\/td>\n<td>SED<\/td>\n<\/tr>\n<tr>\n<td>Ibis Toulouse Ponts Jumeaux<\/td>\n<td>3*<\/td>\n<td>\u00a0\u00a0\u00a0\u00a0\u00a0\u00a0\u00a0\u00a0\u00a0\u00a0\u00a0\u00a0\u00a0\u00a0\u00a0\u00a0\u00a0\u00a0\u00a0\u00a0 80.00 \u20ac<\/td>\n<td><a href=\"http:\/\/www.accorhotels.com\/lien_externe.svlt?goto=rech_resa&amp;destination=0906,1585,1260,0370,8505,2772,1429,2584,1430,8388,1091,8481,1910,8399&amp;sourceid=SED1&amp;dayIn=2&amp;monthIn=7&amp;yearIn=2016&amp;nightNb=1&amp;preferredCode=SED1&amp;merchantid=par-accorFR&amp;xtor=ADC-5009\">Book a room here<\/a><\/td>\n<td>99, boulevard de la Marquette<\/td>\n<td>0033 (0)5 62 27 28 28<\/td>\n<td width=\"182\">&#8220;SED1&#8221; automatically generated on website<\/td>\n<\/tr>\n<tr>\n<td>Ibis Toulouse Centre<\/td>\n<td>3*<\/td>\n<td>\u00a079.00 \u20ac<\/td>\n<td><a href=\"http:\/\/www.accorhotels.com\/lien_externe.svlt?goto=rech_resa&amp;destination=0906,1585,1260,0370,8505,2772,1429,2584,1430,8388,1091,8481,1910,8399&amp;sourceid=SED1&amp;dayIn=2&amp;monthIn=7&amp;yearIn=2016&amp;nightNb=1&amp;preferredCode=SED1&amp;merchantid=par-accorFR&amp;xtor=ADC-5009\">Book a room here<\/a><\/td>\n<td>2 Rue Claire Pauilhac<\/td>\n<td>0033 (0)5 61 63 61 63<\/td>\n<td width=\"182\">&#8220;SED1&#8221; automatically generated on website<\/td>\n<\/tr>\n<tr>\n<td>Ibis Budget Centre Gare<\/td>\n<td>2*<\/td>\n<td>\u00a0\u00a0\u00a0\u00a0\u00a0\u00a0\u00a0\u00a0\u00a0\u00a0\u00a0\u00a0\u00a0\u00a0\u00a0\u00a0\u00a0\u00a0\u00a0\u00a0 49.00 \u20ac<\/td>\n<td><a href=\"http:\/\/www.accorhotels.com\/lien_externe.svlt?goto=rech_resa&amp;destination=0906,1585,1260,0370,8505,2772,1429,2584,1430,8388,1091,8481,1910,8399&amp;sourceid=SED1&amp;dayIn=2&amp;monthIn=7&amp;yearIn=2016&amp;nightNb=1&amp;preferredCode=SED1&amp;merchantid=par-accorFR&amp;xtor=ADC-5009\">Book a room here<\/a><\/td>\n<td>27 Boulevard des Minimes<\/td>\n<td>0033 (0) 892 68 31 10<\/td>\n<td width=\"182\">&#8220;SED1&#8221; automatically generated on website<\/td>\n<\/tr>\n<tr>\n<td><a href=\"http:\/\/www.grand-hotel-opera.com\/fr\/\"><b>Grand h\u00f4tel de l&#8217;Opera<\/b><\/a><\/td>\n<td>5*<\/td>\n<td>\u00a0139.00 \u20ac<\/td>\n<td><a href=\"\/repo-sed\/wp-content\/uploads\/SED2016\/Opera_270616_GB.pdf\">Book a room here<\/a><\/td>\n<td>1 Place du Capitole<\/td>\n<td>0033 (0)5 61 21 82 66<\/td>\n<td>CONGRES SED<\/td>\n<\/tr>\n<tr>\n<td><a href=\"http:\/\/www.ihg.com\/crowneplaza\/hotels\/fr\/fr\/toulouse\/tlsfr\/hoteldetail\"><b>Crowne Plaza<\/b><\/a><\/td>\n<td>5*<\/td>\n<td>\u00a0190.00 \u20ac<\/td>\n<td><a href=\"\/repo-sed\/wp-content\/uploads\/SED2016\/FORMULAIRECONGRESSED2015.pdf\">Book a room here<\/a><\/td>\n<td>7 Place du Capitole<\/td>\n<td width=\"337\"><a href=\"mailto:hicptoulouse@alliance-hospitality.com\">0033 (0) 5 61 61 19 08<br \/>\nhicptoulouse@alliance-hospitality.com<br \/>\n<\/a><\/td>\n<td width=\"182\">CONGRES SED<\/td>\n<\/tr>\n<tr>\n<td><a href=\"http:\/\/www.grandbalconhotel.com\/\"><b>Le Grand Balcon<\/b><\/a><\/td>\n<td>5*<\/td>\n<td>180.00 \u20ac<\/td>\n<td><a href=\"mailto:info@grandbalconhotel.com\">Book a room here<\/a><\/td>\n<td width=\"341\">8\/10 rue Romigui\u00e8res<\/td>\n<td width=\"337\">0033 (0)5 34 25 44 09<br \/>\ninfo@grandbalconhotel.com<\/td>\n<td width=\"182\">SED<\/td>\n<\/tr>\n<\/tbody>\n<\/table>\n<\/div>\n<\/div><div class=\"fusion-clearfix\"><\/div><\/div><\/div><\/div><\/div>\n","protected":false},"excerpt":{"rendered":"","protected":false},"author":1,"featured_media":0,"parent":0,"menu_order":0,"comment_status":"closed","ping_status":"closed","template":"","meta":{"_bbp_topic_count":0,"_bbp_reply_count":0,"_bbp_total_topic_count":0,"_bbp_total_reply_count":0,"_bbp_voice_count":0,"_bbp_anonymous_reply_count":0,"_bbp_topic_count_hidden":0,"_bbp_reply_count_hidden":0,"_bbp_forum_subforum_count":0,"_coblocks_attr":"","_coblocks_dimensions":"","_coblocks_responsive_height":"","_coblocks_accordion_ie_support":"","footnotes":""},"class_list":["post-13738","page","type-page","status-publish","hentry"],"_links":{"self":[{"href":"https:\/\/david-alegre.com\/repo-sed\/wp-json\/wp\/v2\/pages\/13738","targetHints":{"allow":["GET"]}}],"collection":[{"href":"https:\/\/david-alegre.com\/repo-sed\/wp-json\/wp\/v2\/pages"}],"about":[{"href":"https:\/\/david-alegre.com\/repo-sed\/wp-json\/wp\/v2\/types\/page"}],"author":[{"embeddable":true,"href":"https:\/\/david-alegre.com\/repo-sed\/wp-json\/wp\/v2\/users\/1"}],"replies":[{"embeddable":true,"href":"https:\/\/david-alegre.com\/repo-sed\/wp-json\/wp\/v2\/comments?post=13738"}],"version-history":[{"count":24,"href":"https:\/\/david-alegre.com\/repo-sed\/wp-json\/wp\/v2\/pages\/13738\/revisions"}],"predecessor-version":[{"id":14934,"href":"https:\/\/david-alegre.com\/repo-sed\/wp-json\/wp\/v2\/pages\/13738\/revisions\/14934"}],"wp:attachment":[{"href":"https:\/\/david-alegre.com\/repo-sed\/wp-json\/wp\/v2\/media?parent=13738"}],"curies":[{"name":"wp","href":"https:\/\/api.w.org\/{rel}","templated":true}]}}