{"id":13656,"date":"2015-11-28T20:31:25","date_gmt":"2015-11-28T20:31:25","guid":{"rendered":"https:\/\/david-alegre.com\/repo-sed\/?page_id=13656"},"modified":"2017-07-24T04:36:14","modified_gmt":"2017-07-24T04:36:14","slug":"restaurants-2","status":"publish","type":"page","link":"https:\/\/david-alegre.com\/repo-sed\/restaurants-2\/","title":{"rendered":"Restaurants"},"content":{"rendered":"<div class=\"fusion-fullwidth fullwidth-box fusion-builder-row-1 hundred-percent-fullwidth non-hundred-percent-height-scrolling\" style=\"--awb-border-radius-top-left:0px;--awb-border-radius-top-right:0px;--awb-border-radius-bottom-right:0px;--awb-border-radius-bottom-left:0px;--awb-overflow:visible;--awb-flex-wrap:wrap;\" ><div class=\"fusion-builder-row fusion-row\"><div class=\"fusion-layout-column fusion_builder_column fusion-builder-column-0 fusion_builder_column_5_6 5_6 fusion-five-sixth fusion-column-first\" style=\"--awb-bg-size:cover;width:82.6666%; margin-right: 4%;\"><div class=\"fusion-column-wrapper fusion-flex-column-wrapper-legacy\"><div class=\"fusion-title title fusion-title-1 fusion-title-text fusion-title-size-one\"><h1 class=\"fusion-title-heading title-heading-left\" style=\"margin:0;\">Restaurants<\/h1><span class=\"awb-title-spacer\"><\/span><div class=\"title-sep-container\"><div class=\"title-sep sep-single sep-solid\" style=\"border-color:#56705c;\"><\/div><\/div><\/div><div class=\"fusion-text fusion-text-1\"><h3>\u201cThere are many excellent restaurants in Toulouse. Here are some favorite choice of Toulouse faculty\u201d \u2013 Local Organizing Committee<\/h3>\n<p><iframe src=\"https:\/\/www.google.com\/maps\/d\/embed?mid=zUnimSCrghq8.k9SD0TtybwRg\" width=\"640\" height=\"480\"><\/iframe><\/p>\n<\/div><div class=\"fusion-text fusion-text-2\"><table width=\"954\">\n<tbody>\n<tr>\n<td width=\"328\"><strong>Restaurant<\/strong><\/td>\n<td width=\"112\"><strong>Price<\/strong><\/td>\n<td width=\"514\"><strong>Comment<\/strong><\/td>\n<\/tr>\n<tr>\n<td width=\"328\">Aux saveurs des Paradoux<\/td>\n<td width=\"112\">15\u20ac &#8211; 27\u20ac<\/td>\n<td width=\"514\">Local French food, small restaurant<\/td>\n<\/tr>\n<tr>\n<td width=\"328\">Brasserie Flo<\/td>\n<td width=\"112\">20\u20ac &#8211; 35\u20ac<\/td>\n<td width=\"514\">Fish restaurant<\/td>\n<\/tr>\n<tr>\n<td width=\"328\">Brasserie les Arcades<\/td>\n<td width=\"112\">15\u20ac &#8211; 35\u20ac<\/td>\n<td width=\"514\">Local brasserie with great view on the place du Capitole<\/td>\n<\/tr>\n<tr>\n<td width=\"328\">Burger\u2019N\u2019Co<\/td>\n<td width=\"112\">8\u20ac &#8211; 10\u20ac<\/td>\n<td width=\"514\">Best burgers and fries in town, great prices<\/td>\n<\/tr>\n<tr>\n<td width=\"328\">Chez Carmen<\/td>\n<td width=\"112\">15\u20ac &#8211; 27\u20ac<\/td>\n<td width=\"514\">For meat lovers<\/td>\n<\/tr>\n<tr>\n<td width=\"328\">Chez Emile<\/td>\n<td width=\"112\">25\u20ac &#8211; 45\u20ac<\/td>\n<td width=\"514\">Typical south west food, try the cassoulet<\/td>\n<\/tr>\n<tr>\n<td width=\"328\">De Danu<\/td>\n<td width=\"112\">15\u20ac &#8211; 25\u20ac<\/td>\n<td width=\"514\">Irish pub, good atmosphere<\/td>\n<\/tr>\n<tr>\n<td width=\"328\">Du Plaisir \u00e0 la Toque<\/td>\n<td width=\"112\">26\u20ac &#8211; 29\u20ac<\/td>\n<td width=\"514\">Friendly owners with a passion for food &amp; wine, innovative, exquisite food in small restaurant<\/td>\n<\/tr>\n<tr>\n<td width=\"328\">Forno Gusto<\/td>\n<td width=\"112\">8\u20ac &#8211; 15\u20ac<\/td>\n<td width=\"514\">For pizza lovers<\/td>\n<\/tr>\n<tr>\n<td width=\"328\">La belle \u00e9quipe<\/td>\n<td width=\"112\">25\u20ac &#8211; 45\u20ac<\/td>\n<td width=\"514\">Local brasserie<\/td>\n<\/tr>\n<tr>\n<td width=\"328\">La faim des haricots<\/td>\n<td width=\"112\">\u00a08\u20ac &#8211; 15\u20ac<\/td>\n<td width=\"514\">Vegetarian, \u00a0 great value for money, large salads<\/td>\n<\/tr>\n<tr>\n<td width=\"328\">La Pastasciutta<\/td>\n<td width=\"112\">8\u20ac &#8211; 15\u20ac<\/td>\n<td width=\"514\">Large pizzas, late services &amp; take away<\/td>\n<\/tr>\n<tr>\n<td width=\"328\">Le Bibent<\/td>\n<td width=\"112\">30\u20ac &#8211; 55\u20ac<\/td>\n<td width=\"514\">High class dining<\/td>\n<\/tr>\n<tr>\n<td width=\"328\">Le Capoul<\/td>\n<td width=\"112\">15\u20ac &#8211; 30\u20ac<\/td>\n<td width=\"514\">Typical south west food in local brasserie<\/td>\n<\/tr>\n<tr>\n<td width=\"328\">Le Chevillard<\/td>\n<td width=\"112\">15\u20ac &#8211; 27\u20ac<\/td>\n<td width=\"514\">For meat lovers<\/td>\n<\/tr>\n<tr>\n<td width=\"328\">Le Foxy<\/td>\n<td width=\"112\">8\u20ac &#8211; 15\u20ac<\/td>\n<td width=\"514\">Fresh quality burgers at lunch, great dishes at night<\/td>\n<\/tr>\n<tr>\n<td width=\"328\">Le Genty Magre<\/td>\n<td width=\"112\">28\u20ac &#8211; 34\u20ac<\/td>\n<td width=\"514\">One of the best south west traditional meals<\/td>\n<\/tr>\n<tr>\n<td width=\"328\">Le May<\/td>\n<td width=\"112\">10\u20ac &#8211; 15\u20ac<\/td>\n<td width=\"514\">Small brasserie, great food, great value for money<\/td>\n<\/tr>\n<tr>\n<td width=\"328\">Le Py-R<\/td>\n<td width=\"112\">30\u20ac &#8211; 55\u20ac<\/td>\n<td width=\"514\">1* star Michelin<\/td>\n<\/tr>\n<tr>\n<td width=\"328\">Le Pyr\u00e9n\u00e9en<\/td>\n<td width=\"112\">25\u20ac &#8211; 45\u20ac<\/td>\n<td width=\"514\">Seafood specialites and local dishes in art deco Brasserie<\/td>\n<\/tr>\n<tr>\n<td width=\"328\">Les jardins de l\u2019Opera<\/td>\n<td width=\"112\">32\u20ac &#8211; 99\u20ac<\/td>\n<td width=\"514\">1* star Michelin<\/td>\n<\/tr>\n<tr>\n<td width=\"328\">Les P\u2019tits Fayots<\/td>\n<td width=\"112\">25\u20ac &#8211; 40\u20ac<\/td>\n<td width=\"514\">Fine dining, wonderful creative food<\/td>\n<\/tr>\n<tr>\n<td width=\"328\">Les sales Gosses<\/td>\n<td width=\"112\">14\u20ac &#8211; 18\u20ac<\/td>\n<td width=\"514\">Gourmet dishes with quality products<\/td>\n<\/tr>\n<tr>\n<td width=\"328\">Michel Sarran<\/td>\n<td width=\"112\">34\u20ac &#8211; 135\u20ac<\/td>\n<td width=\"514\">Michelin starred restaurant \u2013 wonderful and divine<\/td>\n<\/tr>\n<tr>\n<td width=\"328\">Restaurants above the Victor Hugo Market<\/td>\n<td width=\"112\">12\u20ac &#8211; 20\u20ac<\/td>\n<td width=\"514\">Fresh local products from market, great value for money \u2013 open for lunch only.<\/td>\n<\/tr>\n<tr>\n<td width=\"328\">Roulez Papilles<\/td>\n<td width=\"112\">12\u20ac &#8211; 30\u20ac<\/td>\n<td width=\"514\">Fresh and tasty dishes<\/td>\n<\/tr>\n<tr>\n<td width=\"328\">Rue des Filatiers<\/td>\n<td width=\"112\">16\u20ac &#8211; 30\u20ac<\/td>\n<td width=\"514\">Close to the Carmes market, local restaurants, bars, pubs and tapas restaurants \u2013 great venues for groups and outdoor eating<\/td>\n<\/tr>\n<tr>\n<td width=\"328\">Rue des lois<\/td>\n<td width=\"112\">8\u20ac &#8211; 15\u20ac<\/td>\n<td width=\"514\">Close to universities, student area with coffee shops, small caf\u00e9s, cr\u00eaperie, tha\u00ef and chinese take away offering accessible meals<\/td>\n<\/tr>\n<tr>\n<td width=\"328\">Rue L\u00e9on Gambetta<\/td>\n<td width=\"112\">6\u20ac &#8211; 13\u20ac<\/td>\n<td width=\"514\">Delicious bakeries, small Indian and middle eastern restaurants and take aways, Korean and burger restaurants and local brasseries \u2013 great prices and large opening hours<\/td>\n<\/tr>\n<\/tbody>\n<\/table>\n<\/div><div class=\"fusion-clearfix\"><\/div><\/div><\/div><\/div><\/div>\n","protected":false},"excerpt":{"rendered":"","protected":false},"author":1,"featured_media":0,"parent":0,"menu_order":0,"comment_status":"closed","ping_status":"closed","template":"","meta":{"_bbp_topic_count":0,"_bbp_reply_count":0,"_bbp_total_topic_count":0,"_bbp_total_reply_count":0,"_bbp_voice_count":0,"_bbp_anonymous_reply_count":0,"_bbp_topic_count_hidden":0,"_bbp_reply_count_hidden":0,"_bbp_forum_subforum_count":0,"_coblocks_attr":"","_coblocks_dimensions":"","_coblocks_responsive_height":"","_coblocks_accordion_ie_support":"","footnotes":""},"class_list":["post-13656","page","type-page","status-publish","hentry"],"_links":{"self":[{"href":"https:\/\/david-alegre.com\/repo-sed\/wp-json\/wp\/v2\/pages\/13656","targetHints":{"allow":["GET"]}}],"collection":[{"href":"https:\/\/david-alegre.com\/repo-sed\/wp-json\/wp\/v2\/pages"}],"about":[{"href":"https:\/\/david-alegre.com\/repo-sed\/wp-json\/wp\/v2\/types\/page"}],"author":[{"embeddable":true,"href":"https:\/\/david-alegre.com\/repo-sed\/wp-json\/wp\/v2\/users\/1"}],"replies":[{"embeddable":true,"href":"https:\/\/david-alegre.com\/repo-sed\/wp-json\/wp\/v2\/comments?post=13656"}],"version-history":[{"count":13,"href":"https:\/\/david-alegre.com\/repo-sed\/wp-json\/wp\/v2\/pages\/13656\/revisions"}],"predecessor-version":[{"id":14935,"href":"https:\/\/david-alegre.com\/repo-sed\/wp-json\/wp\/v2\/pages\/13656\/revisions\/14935"}],"wp:attachment":[{"href":"https:\/\/david-alegre.com\/repo-sed\/wp-json\/wp\/v2\/media?parent=13656"}],"curies":[{"name":"wp","href":"https:\/\/api.w.org\/{rel}","templated":true}]}}