{"id":13628,"date":"2015-11-28T20:02:47","date_gmt":"2015-11-28T20:02:47","guid":{"rendered":"https:\/\/david-alegre.com\/repo-sed\/?page_id=13628"},"modified":"2017-07-24T04:36:14","modified_gmt":"2017-07-24T04:36:14","slug":"tourism-near-toulouse","status":"publish","type":"page","link":"https:\/\/david-alegre.com\/repo-sed\/tourism-near-toulouse\/","title":{"rendered":"SED2016_VisitNearToulouse"},"content":{"rendered":"<p><div class=\"fusion-fullwidth fullwidth-box fusion-builder-row-1 hundred-percent-fullwidth non-hundred-percent-height-scrolling\" style=\"--awb-border-radius-top-left:0px;--awb-border-radius-top-right:0px;--awb-border-radius-bottom-right:0px;--awb-border-radius-bottom-left:0px;--awb-overflow:visible;--awb-flex-wrap:wrap;\" ><div class=\"fusion-builder-row fusion-row\"><div class=\"fusion-layout-column fusion_builder_column fusion-builder-column-0 fusion_builder_column_1_1 1_1 fusion-one-full fusion-column-first fusion-column-last fusion-column-no-min-height\" style=\"--awb-bg-size:cover;--awb-margin-bottom:0px;\"><div class=\"fusion-column-wrapper fusion-flex-column-wrapper-legacy\"><div class=\"fusion-title title fusion-title-1 fusion-title-text fusion-title-size-one\"><h1 class=\"fusion-title-heading title-heading-left\" style=\"margin:0;\">TOURISM NEAR TOULOUSE<\/h1><span class=\"awb-title-spacer\"><\/span><div class=\"title-sep-container\"><div class=\"title-sep sep-single sep-solid\" style=\"border-color:#56705c;\"><\/div><\/div><\/div><div class=\"fusion-clearfix\"><\/div><\/div><\/div><\/div><\/div><div class=\"fusion-fullwidth fullwidth-box fusion-builder-row-2 nonhundred-percent-fullwidth non-hundred-percent-height-scrolling\" style=\"--awb-background-position:left top;--awb-border-radius-top-left:0px;--awb-border-radius-top-right:0px;--awb-border-radius-bottom-right:0px;--awb-border-radius-bottom-left:0px;--awb-padding-top:20px;--awb-padding-right:0px;--awb-padding-bottom:20px;--awb-padding-left:0px;--awb-border-sizes-top:0px;--awb-border-sizes-bottom:0px;--awb-flex-wrap:wrap;\" ><div class=\"fusion-builder-row fusion-row\"><div class=\"fusion-layout-column fusion_builder_column fusion-builder-column-1 fusion_builder_column_1_1 1_1 fusion-one-full fusion-column-first fusion-column-last fusion-column-no-min-height\" style=\"--awb-bg-size:cover;--awb-margin-bottom:0px;\"><div class=\"fusion-column-wrapper fusion-flex-column-wrapper-legacy\"><div class=\"fusion-image-element in-legacy-container\" style=\"--awb-caption-title-font-family:var(--h2_typography-font-family);--awb-caption-title-font-weight:var(--h2_typography-font-weight);--awb-caption-title-font-style:var(--h2_typography-font-style);--awb-caption-title-size:var(--h2_typography-font-size);--awb-caption-title-transform:var(--h2_typography-text-transform);--awb-caption-title-line-height:var(--h2_typography-line-height);--awb-caption-title-letter-spacing:var(--h2_typography-letter-spacing);\"><span class=\" fusion-imageframe imageframe-none imageframe-1 hover-type-none\"><img fetchpriority=\"high\" fetchpriority=\"high\" decoding=\"async\" width=\"640\" height=\"427\" title=\"vyneards\" src=\"https:\/\/david-alegre.com\/repo-sed\/wp-content\/uploads\/vyneards.jpg\" alt class=\"img-responsive wp-image-13631\" srcset=\"https:\/\/david-alegre.com\/repo-sed\/wp-content\/uploads\/vyneards-120x80.jpg 120w, https:\/\/david-alegre.com\/repo-sed\/wp-content\/uploads\/vyneards-300x200.jpg 300w, https:\/\/david-alegre.com\/repo-sed\/wp-content\/uploads\/vyneards-500x334.jpg 500w, https:\/\/david-alegre.com\/repo-sed\/wp-content\/uploads\/vyneards.jpg 640w\" sizes=\"(max-width: 640px) 100vw, 640px\" \/><\/span><\/div><div class=\"fusion-clearfix\"><\/div><\/div><\/div><\/div><\/div><div class=\"fusion-fullwidth fullwidth-box fusion-builder-row-3 hundred-percent-fullwidth non-hundred-percent-height-scrolling\" style=\"--awb-border-radius-top-left:0px;--awb-border-radius-top-right:0px;--awb-border-radius-bottom-right:0px;--awb-border-radius-bottom-left:0px;--awb-overflow:visible;--awb-flex-wrap:wrap;\" ><div class=\"fusion-builder-row fusion-row\"><div class=\"fusion-layout-column fusion_builder_column fusion-builder-column-2 fusion_builder_column_5_6 5_6 fusion-five-sixth fusion-column-first\" style=\"--awb-bg-size:cover;width:82.6666%; margin-right: 4%;\"><div class=\"fusion-column-wrapper fusion-flex-column-wrapper-legacy\"><div class=\"fusion-text fusion-text-1\"><h3>Feeling adventurous? Want to get away from the urban environment for a while? Toulouse is the gateway to the Midi-Pyr\u00e9n\u00e9es and the Languedoc-Roussillon region, an ideal starting point to discover exceptional surrounding sites .<\/h3>\n<h2><span style=\"color: #008080;\">\u00a01. <strong>A trip in the vineyards<\/strong><\/span><\/h2>\n<h3>The Midi-Pyrenees vineyards are awaiting you! Try out a weekend in Armagnac, a holiday in the heart of the Gaillac vineyards or a tour around the estates of Cahors.<\/h3>\n<h3>Drive 40 minutes away from Toulouse and you will reach the Fronton Vineyards: lovely country roads to explore and the Fronton AOC vineyards to visit between Toulouse and Montauban.<\/h3>\n<h3>More information and opening hours of the wine estates are available at<\/h3>\n<h3>The Maison des Vins de Fronton Phone\u00a0: +0033 5 61 82 46 33<\/h3>\n<h3><a href=\"http:\/\/www.vins-de-fronton.com\">www.vins-de-fronton.com<\/a><\/h3>\n<h3><\/h3>\n<h3>35 minutes the east of Toulouse, on the way to Albi, we invite you to drive through Rabastens, Lisle-sur-Tarn (13<sup>th<\/sup> Century &#8216;bastide&#8217;), Gaillac and the charming villages of the Gaillac AOC vineyards.<\/h3>\n<h3><em>More info in English<\/em>: <a href=\"http:\/\/www.tourism-midi-pyrenees.co.uk\/home\/things-to-see-and-do\/gastronomy-and-local-produce\/wine-tourism\">http:\/\/www.tourism-midi-pyrenees.co.uk\/home\/things-to-see-and-do\/gastronomy-and-local-produce\/wine-tourism<\/a><\/h3>\n<h3><\/h3>\n<h2><span style=\"color: #008080;\">\u00a02. <strong>Cycling along the Canal du Midi<\/strong><\/span><\/h2>\n<h3>The green route borders the Canal du Midi and is designed for cycling and roller-blading. The path is 3m wide with an asphalt surface almost all the way along. Starting in the center of Toulouse, the route will lead you through the green valleys of the Lauragais district. You will see the historically notorious plane trees on the banks of the Canal du Midi which unfortunately will be cut down due to sickness. Your route will also be interspersed with locks and beautiful rural villages, starting with Montgiscard, Bazi\u00e8ge and Ayguevives. These villages are marked by Southern Gothic architectural style and feature particularly interesting bell walls. The 240km ride from Toulouse to Lake Tahu will enable you to discouer its 64 locks, 55 aqueducts, 7 canal bridges and 126 bridges.<\/h3>\n<h3><\/h3>\n<h3><em>To rent a bike<\/em> : La maison du v\u00e9lo, 12 boulevard Bonrepos &#8211; 31000 Toulouse ( located close to the rail station).<\/h3>\n<h3>10 euros per day from Monday to Saturday, 10:00 am \u2013 06:30 pm (except on Saturdays 05:00 pm)<\/h3>\n<h3>The tourist office provides cycle lanes maps\u2019 of and cycle tours of the city.<\/h3>\n<h2><span style=\"color: #008080;\">\u00a03. <strong>Airbus<\/strong><\/span><\/h2>\n<h3>Airbus is the world\u2019s leading manufacturer of commercial jetliners and military airlifters, with a 40-plus year track record of innovation, technological firsts and industry milestones.<\/h3>\n<h3>Final assembly production is based at Toulouse and you can visit factories with two options:<\/h3>\n<ul>\n<li>\n<h3>the Airbus A380 Tour (1\u201930 \/ 15 euros)<\/h3>\n<\/li>\n<li>\n<h3>the Panoramic tour : a bus tour with commentary through sites (1\u201930 \/ 13 euros)<\/h3>\n<\/li>\n<\/ul>\n<h3><em>Tours every day except Sundays and bank holiday<\/em>s.<\/h3>\n<h3>Prior booking NECESSARY on the following number +33 00 5 34 39 42 00 or on the website <a href=\"http:\/\/www.manatour.fr\">www.manatour.fr<\/a><\/h3>\n<h3><strong>Reservation deadline for non-EU citizens<\/strong>: you must book, at the latest, two full working days before the tour (working days are Monday to Friday, except public holidays).<\/h3>\n<h3>Group guided tours in English \/ Identity card or passport required.<\/h3>\n<h3><strong><span style=\"text-decoration: underline;\">How to get there<\/span><\/strong>: ACCES BY TRAM &#8211; Line T1 Ar\u00e8nes \/ A\u00e9roconstellation , ANDROMEDE &#8211; LYCEE STOP<\/h3>\n<h3>Departure every 8 to 10 minutes. Ar\u00e8nes to Androm\u00e8de &#8211; Lyc\u00e9e: 30 minutes by tram.<\/h3>\n<h3>Androm\u00e8de &#8211; Lyc\u00e9e to Let\u2019s visit Airbus: 1,5 km on foot, 20 minutes\u2019 walk (follow signs for \u00abLet\u2019s visit Airbus\u00bb)<\/h3>\n<h2><span style=\"color: #008080;\">\u00a04. <strong>Carcassonne <\/strong><\/span><\/h2>\n<h3>The \u201ccit\u00e9\u201d is divided into the fortified Cit\u00e9 de Carcassonne and the more expansive lower city, the ville basse. Carcassone was founded by the Visigoths in the 5<sup>th<\/sup> Century, though the Romans had fortified the settlement earlier. The fortress, which was thoroughly restored in 1853 by the theorist and architect Eug\u00e8ne Viollet-le-Duc, was added to the UNESCO list of World Heritage Sites in 1997.<\/h3>\n<h3>www.carcassonne-tourisme.com<\/h3>\n<h3><strong><span style=\"text-decoration: underline;\">Access by train or by car<\/span><\/strong> : Autoroute des 2 Mers A 61, RN 113 &#8211; D 118, 100 kms from Toulouse.<\/h3>\n<h3>Boat rentals are available from Carcassonne to navigate across the canal du midi.<\/h3>\n<h3>More information at: <a href=\"http:\/\/www.canalous-canaldumidi.com\/us\/carcassonne_r_34.html\">http:\/\/www.canalous-canaldumidi.com\/us\/carcassonne_r_34.html<\/a><\/h3>\n<h3><\/h3>\n<h2><span style=\"color: #008080;\">\u00a05. <strong>Cordes sur Ciel<\/strong><\/span><\/h2>\n<h3>Located 93 Km from Toulouse, in the Tarn department, this extraordinarily well preserved town sits high on a hilltop surrounded by Gaillac and its surrounding vineyards and Albi. Reward yourself and visit Cordes sur Ciel, discover its fascinating history and its Gothic architecture.<\/h3>\n<h3>Weekly markets are set in the lower town where you can shop fresh local fruits and vegetables, dairy products, bread, pastries, regional delicacies and numerous organic products.<\/h3>\n<h3>More information: <a href=\"http:\/\/cordessurciel.eu\/\">http:\/\/cordessurciel.eu\/<\/a><\/h3>\n<h3><strong>\u00a0<\/strong><\/h3>\n<h2><span style=\"color: #008080;\"><strong>\u00a06. Cathedral town of Albi<\/strong><\/span><\/h2>\n<h3>In 2010, the UNESCO World Heritage Committee recognized the significant cultural importance of the Episcopal City of Albi by registrating it to the World Heritage List as a cultural heritage site. More than 800 000 tourists visit the city each year.<\/h3>\n<h3>The Episcopal City is situated 85 kms from Toulouse. Two major medieval constructions are to be visited: Saint-Cecile Cathedral, largest brick-built cathedral in the world, , and the the Berbie Palace, former fortified residence of the Albi bishops, now home to the Toulouse-Lautrec Museum. Four medieval districts surround the cathedral: Castelviel, the ancient center of the city, Castelnau, a picturesque district with narrow streets and half-timbered houses, the Saint-Salvi district with its 13<sup>th<\/sup> Century collegiate church and cloisters and the banks of the River Tarn with the Old Bridge, dating back to 1040.<\/h3>\n<h3>More information: <a href=\"http:\/\/www.albi-tourisme.fr\/us\/\">http:\/\/www.albi-tourisme.fr\/us\/<\/a><\/h3>\n<h2><span style=\"color: #008080;\"><strong>7. Moissac<\/strong><\/span><\/h2>\n<h3>Moissac is a stop on the pilgrimage route to Campostela. You should visit the cloister, it is thought to be one of the most beautiful cloisters in the world and try some Chasselas, the local grape, which has its own AOC (appelation d&#8217;origine controle). Moissac is, unfortunately, one of the few areas of France that does not produce its own wine. Instead, the local grape is a dessert eating grape.<\/h3>\n<h3>You can reach Moissac by train from Toulouse or Montauban or travel by boat on the Canal des Deux Mers. Many boat-travellers stay in the marina which has good facilities for visitors and is within two walking minutes the city center.<\/h3>\n<h3>More information: <a href=\"http:\/\/en.tourisme-moissac.com\/\">http:\/\/en.tourisme-moissac.com\/<\/a><\/h3>\n<h3><\/h3>\n<h2><span style=\"color: #008080;\">8. <strong>Getaways in the land of Foie Gras<\/strong><\/span><\/h2>\n<h3>Foie gras, the emblematic product of the Gers is present everywhere in this department and is France\u2019s largest producer. No need to go far to find the best duck livers. When crossing the department boundary from Toulouse, you will find one of the biggest markets for fattened poultry: Samatan. Direct farm sales are available every Monday from 10 am onwards in summertime.<\/h3>\n<h3>We invite you to buy your products directly from the farms. Indeed, many producers live in this region and in addition to selling their products, they often offer a tour of their breeding facilities. If you wish to stay for a weekend or more, gites and self-catering cottages are welcome to visitors.<\/h3>\n<h3>More information: <a href=\"http:\/\/www.tourism-midi-pyrenees.co.uk\/home\/things-to-see-and-do\/gastronomy-and-local-produce\/produce-and-specialities\/local-produce\/fois-gras-from-the-southwest\">http:\/\/www.tourism-midi-pyrenees.co.uk\/home\/things-to-see-and-do\/gastronomy-and-local-produce\/produce-and-specialities\/local-produce\/fois-gras-from-the-southwest<\/a><\/h3>\n<h3><\/h3>\n<\/div><div class=\"fusion-clearfix\"><\/div><\/div><\/div><div class=\"fusion-layout-column fusion_builder_column fusion-builder-column-3 fusion_builder_column_1_1 1_1 fusion-one-full fusion-column-last fusion-column-no-min-height\" style=\"--awb-bg-size:cover;--awb-margin-bottom:0px;\"><div class=\"fusion-column-wrapper fusion-flex-column-wrapper-legacy\"><div class=\"fusion-title title fusion-title-2 fusion-title-text fusion-title-size-one\"><h1 class=\"fusion-title-heading title-heading-left\" style=\"margin:0;\">Useful Links<\/h1><span class=\"awb-title-spacer\"><\/span><div class=\"title-sep-container\"><div class=\"title-sep sep-single sep-solid\" style=\"border-color:#56705c;\"><\/div><\/div><\/div><div class=\"fusion-clearfix\"><\/div><\/div><\/div><div class=\"fusion-layout-column fusion_builder_column fusion-builder-column-4 fusion_builder_column_5_6 5_6 fusion-five-sixth fusion-column-first\" style=\"--awb-bg-size:cover;width:82.6666%; margin-right: 4%;\"><div class=\"fusion-column-wrapper fusion-flex-column-wrapper-legacy\"><div class=\"fusion-text fusion-text-2\"><h3><a href=\"http:\/\/www.europcar.com\/car-rental-FRANCE-TOULOUSE.html%20www.avis.fr\"><strong>CAR RENTALS<\/strong><\/a><\/h3>\n<h3><a href=\"http:\/\/www.toulouse.aeroport.fr\/en\"><strong>FLIGHTS FROM TOULOUSE<\/strong><\/a><\/h3>\n<h3><a href=\"%20http:\/\/uk.voyages-sncf.com\/en\/ http:\/\/www.ter-sncf.com\/Regions\/midi_pyrenees\/Fr\/Loisirs_Tourisme\/Default.aspx\"><strong>TRAIN BOOKINGS<\/strong><\/a><\/h3>\n<\/div><div class=\"fusion-clearfix\"><\/div><\/div><\/div><\/div><\/div><\/p>\n","protected":false},"excerpt":{"rendered":"","protected":false},"author":1,"featured_media":0,"parent":0,"menu_order":0,"comment_status":"closed","ping_status":"closed","template":"","meta":{"_bbp_topic_count":0,"_bbp_reply_count":0,"_bbp_total_topic_count":0,"_bbp_total_reply_count":0,"_bbp_voice_count":0,"_bbp_anonymous_reply_count":0,"_bbp_topic_count_hidden":0,"_bbp_reply_count_hidden":0,"_bbp_forum_subforum_count":0,"_coblocks_attr":"","_coblocks_dimensions":"","_coblocks_responsive_height":"","_coblocks_accordion_ie_support":"","footnotes":""},"class_list":["post-13628","page","type-page","status-publish","hentry"],"_links":{"self":[{"href":"https:\/\/david-alegre.com\/repo-sed\/wp-json\/wp\/v2\/pages\/13628","targetHints":{"allow":["GET"]}}],"collection":[{"href":"https:\/\/david-alegre.com\/repo-sed\/wp-json\/wp\/v2\/pages"}],"about":[{"href":"https:\/\/david-alegre.com\/repo-sed\/wp-json\/wp\/v2\/types\/page"}],"author":[{"embeddable":true,"href":"https:\/\/david-alegre.com\/repo-sed\/wp-json\/wp\/v2\/users\/1"}],"replies":[{"embeddable":true,"href":"https:\/\/david-alegre.com\/repo-sed\/wp-json\/wp\/v2\/comments?post=13628"}],"version-history":[{"count":5,"href":"https:\/\/david-alegre.com\/repo-sed\/wp-json\/wp\/v2\/pages\/13628\/revisions"}],"predecessor-version":[{"id":14938,"href":"https:\/\/david-alegre.com\/repo-sed\/wp-json\/wp\/v2\/pages\/13628\/revisions\/14938"}],"wp:attachment":[{"href":"https:\/\/david-alegre.com\/repo-sed\/wp-json\/wp\/v2\/media?parent=13628"}],"curies":[{"name":"wp","href":"https:\/\/api.w.org\/{rel}","templated":true}]}}