{"id":11923,"date":"2015-05-12T21:34:45","date_gmt":"2015-05-12T21:34:45","guid":{"rendered":"http:\/\/ec2-52-1-87-149.compute-1.amazonaws.com\/newSED\/?page_id=11923"},"modified":"2024-05-16T19:51:40","modified_gmt":"2024-05-16T19:51:40","slug":"research-agenda","status":"publish","type":"page","link":"https:\/\/david-alegre.com\/repo-sed\/research-agenda\/","title":{"rendered":"Research Agenda"},"content":{"rendered":"<div class=\"fusion-fullwidth fullwidth-box fusion-builder-row-1 hundred-percent-fullwidth non-hundred-percent-height-scrolling\" style=\"--awb-border-radius-top-left:0px;--awb-border-radius-top-right:0px;--awb-border-radius-bottom-right:0px;--awb-border-radius-bottom-left:0px;--awb-overflow:visible;--awb-flex-wrap:wrap;\" ><div class=\"fusion-builder-row fusion-row\"><div class=\"fusion-layout-column fusion_builder_column fusion-builder-column-0 fusion_builder_column_1_1 1_1 fusion-one-full fusion-column-first fusion-column-last fusion-column-no-min-height\" style=\"--awb-bg-blend:overlay;--awb-bg-size:cover;--awb-margin-bottom:0px;\"><div class=\"fusion-column-wrapper fusion-flex-column-wrapper-legacy\"><div class=\"fusion-title title fusion-title-1 fusion-sep-none fusion-title-text fusion-title-size-two\"><h2 class=\"fusion-title-heading title-heading-left\" style=\"margin:0;\">The Research Agenda<\/h2><\/div><div class=\"fusion-clearfix\"><\/div><\/div><\/div><div class=\"fusion-layout-column fusion_builder_column fusion-builder-column-1 fusion_builder_column_1_1 1_1 fusion-one-full fusion-column-first fusion-column-last fusion-column-no-min-height\" style=\"--awb-bg-blend:overlay;--awb-bg-size:cover;--awb-margin-bottom:0px;\"><div class=\"fusion-column-wrapper fusion-flex-column-wrapper-legacy\"><div class=\"fusion-text fusion-text-1\"><ul>\n<li data-lineheight=\"30\" data-fontsize=\"20\">\n<h4><a href=\"https:\/\/david-alegre.com\/repo-sed\/research-agenda-buera-2024\/\">Paco Buera (2024)<\/a><\/h4>\n<\/li>\n<li data-lineheight=\"30\" data-fontsize=\"20\">\n<h4><a href=\"https:\/\/david-alegre.com\/repo-sed\/wp-content\/uploads\/research-agenda-sebnem2023.pdf\">\u015eebnem Kalemli-\u00d6zcan (2023)<\/a><\/h4>\n<\/li>\n<li data-lineheight=\"30\" data-fontsize=\"20\">\n<h4><a href=\"https:\/\/david-alegre.com\/repo-sed\/research-agenda-boar-midrigan-2023\/\">Corina Boar and Virgiliu Midrigan (2023)<\/a><\/h4>\n<\/li>\n<li data-lineheight=\"30\" data-fontsize=\"20\">\n<h4><a href=\"https:\/\/david-alegre.com\/repo-sed\/research-agenda-itskhoki2022\/\">Oleg Itskhoki (2022)<\/a><\/h4>\n<\/li>\n<li data-lineheight=\"30\" data-fontsize=\"20\">\n<h4><a href=\"https:\/\/david-alegre.com\/repo-sed\/research-agenda-bianchi2022\/\">Javier Bianchi (2022)<\/a><\/h4>\n<\/li>\n<li data-lineheight=\"30\" data-fontsize=\"20\">\n<h4><a href=\"https:\/\/david-alegre.com\/repo-sed\/research-agenda-baqaee2021\/\">David Baqaee (2021)<\/a><\/h4>\n<\/li>\n<li data-lineheight=\"30\" data-fontsize=\"20\">\n<h4><a href=\"https:\/\/david-alegre.com\/repo-sed\/research-agenda-stantcheva2021\/\">Stefanie Stantcheva (2021)<\/a><\/h4>\n<\/li>\n<li data-lineheight=\"30\" data-fontsize=\"20\">\n<h4><a href=\"https:\/\/david-alegre.com\/repo-sed\/research-agenda-moll2020\">Ben Moll (2020)<\/a><\/h4>\n<\/li>\n<li data-lineheight=\"30\" data-fontsize=\"20\">\n<h4><a href=\"https:\/\/david-alegre.com\/repo-sed\/newsletter-apr-2020\/#unique-identifierVeldkamp\">Laura Veldkamp (2020)<\/a><\/h4>\n<\/li>\n<li data-lineheight=\"30\" data-fontsize=\"20\">\n<h4><a href=\"https:\/\/david-alegre.com\/repo-sed\/newsletter-nov-2019\/#unique-identifierFrench\">Alessandra Fogli (2019)<\/a><\/h4>\n<\/li>\n<li data-lineheight=\"30\" data-fontsize=\"20\">\n<h4 data-lineheight=\"30\" data-fontsize=\"20\"><a href=\"https:\/\/david-alegre.com\/repo-sed\/newsletter-apr-2019\/#unique-identifierVoena\">Alessandra Voena (2019)<\/a><\/h4>\n<\/li>\n<li data-lineheight=\"30\" data-fontsize=\"20\">\n<h4><a href=\"https:\/\/david-alegre.com\/repo-sed\/newsletter-apr-2018\/#unique-identifierFrench\">Eric French (2018)<\/a><\/h4>\n<\/li>\n<li data-lineheight=\"30\" data-fontsize=\"20\">\n<h4><a href=\"https:\/\/david-alegre.com\/repo-sed\/newsletter-nov-2017\/#unique-identifierUfuk\">Ufuk Akcigit (2017)<\/a><\/h4>\n<\/li>\n<li data-lineheight=\"30\" data-fontsize=\"20\">\n<h4><a href=\"https:\/\/david-alegre.com\/repo-sed\/newsletter-apr-2017\/#unique-identifier1Apr17\">Moritz Kuhn (2017)<\/a><\/h4>\n<\/li>\n<li data-lineheight=\"30\" data-fontsize=\"20\">\n<h4><a href=\"https:\/\/david-alegre.com\/repo-sed\/newsletter-nov-2016\/#unique-identifierGolos\">Mikhail Golosov and Aleh Tsyvinski (2016)<\/a><\/h4>\n<\/li>\n<li data-lineheight=\"30\" data-fontsize=\"20\">\n<h4><a href=\"https:\/\/david-alegre.com\/repo-sed\/newsletter-apr-2016\/#unique-identifier1\">Jeremy Lise on Heterogeneity(2016)<\/a><\/h4>\n<\/li>\n<li data-lineheight=\"30\" data-fontsize=\"20\">\n<h4><a href=\"https:\/\/david-alegre.com\/repo-sed\/newsletter-nov-2015\/\">Nir Jaimovich (2015)<\/a><\/h4>\n<\/li>\n<li data-lineheight=\"30\" data-fontsize=\"20\">\n<h4><a href=\"https:\/\/david-alegre.com\/repo-sed\/newsletter-apr-2015\/\">Fatih Guvenen (2015)<\/a><\/h4>\n<\/li>\n<li data-lineheight=\"30\" data-fontsize=\"20\">\n<h4 class=\"fusion-layout-column fusion_builder_column fusion_builder_column_1_1 fusion-one-full fusion-column-last fusion-column-no-min-height 1_1\"><a href=\"https:\/\/david-alegre.com\/repo-sed\/newsletter-nov-2014\/\">Loukas Karabarbounis and Brent Neiman (2014)<\/a><\/h4>\n<\/li>\n<li data-lineheight=\"30\" data-fontsize=\"20\">\n<h4><a href=\"https:\/\/david-alegre.com\/repo-sed\/newsletter-april-2014\/\">Marcus Hagedorn and Iourii Manovskii (2014)<\/a><\/h4>\n<\/li>\n<li data-lineheight=\"30\" data-fontsize=\"20\">\n<h4><a href=\"https:\/\/david-alegre.com\/repo-sed\/newsletter-nov-2013\/\">Greg Kaplan and Guido Menzio (2013)<\/a><\/h4>\n<\/li>\n<li data-lineheight=\"30\" data-fontsize=\"20\">\n<h4><a href=\"https:\/\/david-alegre.com\/repo-sed\/newsletter-nov-2012\/\">Mich\u00e8le Tertilt (2012)<\/a><\/h4>\n<\/li>\n<li data-lineheight=\"30\" data-fontsize=\"20\">\n<h4><a href=\"https:\/\/david-alegre.com\/repo-sed\/newsletter-april-2012\/\">Stijn Van Nieuwerburgh (2012)<\/a><\/h4>\n<\/li>\n<li data-lineheight=\"30\" data-fontsize=\"20\">\n<h4><a href=\"https:\/\/david-alegre.com\/repo-sed\/newsletter-nov-2011\/\">Jan Eeckhout and Philipp Kircher (2011)<\/a><\/h4>\n<\/li>\n<li data-lineheight=\"30\" data-fontsize=\"20\">\n<h4><a href=\"https:\/\/david-alegre.com\/repo-sed\/newsletter-april-2011\/\">Karel Mertens and Morten Ravn (2011)<\/a><\/h4>\n<\/li>\n<li data-lineheight=\"30\" data-fontsize=\"20\">\n<h4><a href=\"https:\/\/david-alegre.com\/repo-sed\/newsletter-nov-2010\/\">Ariel Burstein (2010)<\/a><\/h4>\n<\/li>\n<li data-lineheight=\"30\" data-fontsize=\"20\">\n<h4><a href=\"https:\/\/david-alegre.com\/repo-sed\/newsletter-april-20101\/\">Martin Schneider (2010)<\/a><\/h4>\n<\/li>\n<li data-lineheight=\"30\" data-fontsize=\"20\">\n<h4><a href=\"https:\/\/david-alegre.com\/repo-sed\/newsletter-nov-2009\/\">Rasmus Lentz (2009)<\/a><\/h4>\n<\/li>\n<li data-lineheight=\"30\" data-fontsize=\"20\">\n<h4><a href=\"https:\/\/david-alegre.com\/repo-sed\/newsletter-april-2009\/\">Marco Bassetto (2009)<\/a><\/h4>\n<\/li>\n<li data-lineheight=\"30\" data-fontsize=\"20\">\n<h4><a href=\"https:\/\/david-alegre.com\/repo-sed\/newsletter-nov-2008\/\">Ricardo Lagos (2008)<\/a><\/h4>\n<\/li>\n<li data-lineheight=\"30\" data-fontsize=\"20\">\n<h4><a href=\"https:\/\/david-alegre.com\/repo-sed\/newsletter-april-2008\/\">Sydney Ludvigson (2008)<\/a><\/h4>\n<\/li>\n<li data-lineheight=\"30\" data-fontsize=\"20\">\n<h4><a href=\"https:\/\/david-alegre.com\/repo-sed\/newsletter-nov-2007\/\">Amir Yaron (2007)<\/a><\/h4>\n<\/li>\n<li data-lineheight=\"30\" data-fontsize=\"20\">\n<h4><a href=\"https:\/\/david-alegre.com\/repo-sed\/newsletter-april-2007\/\">Matthias Doepke (2007)<\/a><\/h4>\n<\/li>\n<li data-lineheight=\"30\" data-fontsize=\"20\">\n<h4><a href=\"https:\/\/david-alegre.com\/repo-sed\/newsletter-nov-2006\/\">Jes\u00fas Fern\u00e1ndez-Villaverde and Juan F. Rubio-Ram\u00edrez (2006)<\/a><\/h4>\n<\/li>\n<li data-lineheight=\"30\" data-fontsize=\"20\">\n<h4><a href=\"https:\/\/david-alegre.com\/repo-sed\/newsletter-april-2006\/\">Pierre-Olivier Gourinchas (2006)<\/a><\/h4>\n<\/li>\n<li data-lineheight=\"30\" data-fontsize=\"20\">\n<h4><a href=\"https:\/\/david-alegre.com\/repo-sed\/newsletter-nov-2005\/\">Fabrizio Zilibotti (2005)<\/a><\/h4>\n<\/li>\n<li data-lineheight=\"30\" data-fontsize=\"20\">\n<h4><a href=\"https:\/\/david-alegre.com\/repo-sed\/newsletter-april-2005\/\">Dirk Krueger and Fabrizio Perri (2005)<\/a><\/h4>\n<\/li>\n<li data-lineheight=\"30\" data-fontsize=\"20\">\n<h4><a href=\"https:\/\/david-alegre.com\/repo-sed\/newsletter-nov-2004\/\">Stephanie Schmitt-Groh\u00e9 and Mart\u00edn Uribe (2004)<\/a><\/h4>\n<\/li>\n<li data-lineheight=\"30\" data-fontsize=\"20\">\n<h4><a href=\"https:\/\/david-alegre.com\/repo-sed\/newsletter-april-2004\/\">Craig Burnside (2004)<\/a><\/h4>\n<\/li>\n<li data-lineheight=\"30\" data-fontsize=\"20\">\n<h4><a href=\"https:\/\/david-alegre.com\/repo-sed\/newsletter-nov-2003\/\">Kjetil Storesletten (2003)<\/a><\/h4>\n<\/li>\n<li data-lineheight=\"30\" data-fontsize=\"20\">\n<h4><a href=\"https:\/\/david-alegre.com\/repo-sed\/newsletter-april-2003\/\">Tony Smith (2003)<\/a><\/h4>\n<\/li>\n<li data-lineheight=\"30\" data-fontsize=\"20\">\n<h4><a href=\"https:\/\/david-alegre.com\/repo-sed\/newsletter-nov-2002\/\">Robert Shimer (2002)<\/a><\/h4>\n<\/li>\n<li data-lineheight=\"30\" data-fontsize=\"20\">\n<h4><a href=\"https:\/\/david-alegre.com\/repo-sed\/newsletter-april-2002\/\">Peter Howitt (2002)<\/a><\/h4>\n<\/li>\n<li data-lineheight=\"30\" data-fontsize=\"20\">\n<h4><a href=\"https:\/\/david-alegre.com\/repo-sed\/newsletter-nov-2001\/\">Jos\u00e9-V\u00edctor R\u00edos-Rull (2001)<\/a><\/h4>\n<\/li>\n<li data-lineheight=\"30\" data-fontsize=\"20\">\n<h4><a href=\"https:\/\/david-alegre.com\/repo-sed\/newsletter-april-2001\/\">Antonio Merlo (2001)<\/a><\/h4>\n<\/li>\n<li data-lineheight=\"30\" data-fontsize=\"20\">\n<h4><a href=\"https:\/\/david-alegre.com\/repo-sed\/newsletter-nov-2000\/\">Stephen Williamson (2000)<\/a><\/h4>\n<\/li>\n<li data-lineheight=\"30\" data-fontsize=\"20\">\n<h4><a href=\"https:\/\/david-alegre.com\/repo-sed\/newsletter-april-2000\/\">Shouyong Shi (2000)<\/a><\/h4>\n<\/li>\n<li data-lineheight=\"30\" data-fontsize=\"20\">\n<h4><a href=\"https:\/\/david-alegre.com\/repo-sed\/newsletter-nov-1999\/\">Larry Christiano and Martin Eichenbaum (1999)<\/a><\/h4>\n<div class=\"fusion-layout-column fusion_builder_column fusion_builder_column_5_6 fusion-five-sixth fusion-column-first 5_6\"><\/div>\n<\/li>\n<\/ul>\n<\/div><div class=\"fusion-clearfix\"><\/div><\/div><\/div><\/div><\/div>\n","protected":false},"excerpt":{"rendered":"","protected":false},"author":1,"featured_media":0,"parent":0,"menu_order":0,"comment_status":"closed","ping_status":"closed","template":"","meta":{"_bbp_topic_count":0,"_bbp_reply_count":0,"_bbp_total_topic_count":0,"_bbp_total_reply_count":0,"_bbp_voice_count":0,"_bbp_anonymous_reply_count":0,"_bbp_topic_count_hidden":0,"_bbp_reply_count_hidden":0,"_bbp_forum_subforum_count":0,"_coblocks_attr":"","_coblocks_dimensions":"","_coblocks_responsive_height":"","_coblocks_accordion_ie_support":"","footnotes":""},"class_list":["post-11923","page","type-page","status-publish","hentry"],"_links":{"self":[{"href":"https:\/\/david-alegre.com\/repo-sed\/wp-json\/wp\/v2\/pages\/11923","targetHints":{"allow":["GET"]}}],"collection":[{"href":"https:\/\/david-alegre.com\/repo-sed\/wp-json\/wp\/v2\/pages"}],"about":[{"href":"https:\/\/david-alegre.com\/repo-sed\/wp-json\/wp\/v2\/types\/page"}],"author":[{"embeddable":true,"href":"https:\/\/david-alegre.com\/repo-sed\/wp-json\/wp\/v2\/users\/1"}],"replies":[{"embeddable":true,"href":"https:\/\/david-alegre.com\/repo-sed\/wp-json\/wp\/v2\/comments?post=11923"}],"version-history":[{"count":20,"href":"https:\/\/david-alegre.com\/repo-sed\/wp-json\/wp\/v2\/pages\/11923\/revisions"}],"predecessor-version":[{"id":21470,"href":"https:\/\/david-alegre.com\/repo-sed\/wp-json\/wp\/v2\/pages\/11923\/revisions\/21470"}],"wp:attachment":[{"href":"https:\/\/david-alegre.com\/repo-sed\/wp-json\/wp\/v2\/media?parent=11923"}],"curies":[{"name":"wp","href":"https:\/\/api.w.org\/{rel}","templated":true}]}}