{"id":11323,"date":"2015-04-05T03:52:23","date_gmt":"2015-04-05T03:52:23","guid":{"rendered":"http:\/\/ec2-52-1-87-149.compute-1.amazonaws.com\/newSED\/?page_id=11323"},"modified":"2017-07-24T04:36:27","modified_gmt":"2017-07-24T04:36:27","slug":"volume-17-2014","status":"publish","type":"page","link":"https:\/\/david-alegre.com\/repo-sed\/volume-17-2014\/","title":{"rendered":"Volume 17 (2014)"},"content":{"rendered":"<div class=\"fusion-fullwidth fullwidth-box fusion-builder-row-1 hundred-percent-fullwidth non-hundred-percent-height-scrolling\" style=\"--awb-border-radius-top-left:0px;--awb-border-radius-top-right:0px;--awb-border-radius-bottom-right:0px;--awb-border-radius-bottom-left:0px;--awb-overflow:visible;--awb-flex-wrap:wrap;\" ><div class=\"fusion-builder-row fusion-row\"><div class=\"fusion-layout-column fusion_builder_column fusion-builder-column-0 fusion_builder_column_1_1 1_1 fusion-one-full fusion-column-first fusion-column-last fusion-column-no-min-height\" style=\"--awb-bg-size:cover;--awb-margin-bottom:0px;\"><div class=\"fusion-column-wrapper fusion-flex-column-wrapper-legacy\"><div class=\"fusion-title title fusion-title-1 fusion-title-text fusion-title-size-one\"><h1 class=\"fusion-title-heading title-heading-left\" style=\"margin:0;\">Review of Economic Dynamics: Volume 17 (2014)<\/h1><span class=\"awb-title-spacer\"><\/span><div class=\"title-sep-container\"><div class=\"title-sep sep-single sep-solid\" style=\"border-color:#56705c;\"><\/div><\/div><\/div><div class=\"fusion-clearfix\"><\/div><\/div><\/div><div class=\"fusion-layout-column fusion_builder_column fusion-builder-column-1 fusion_builder_column_1_1 1_1 fusion-one-full fusion-column-first fusion-column-last fusion-column-no-min-height\" style=\"--awb-bg-size:cover;--awb-margin-bottom:0px;\"><div class=\"fusion-column-wrapper fusion-flex-column-wrapper-legacy\"><div class=\"fusion-tabs fusion-tabs-1 classic nav-is-justified horizontal-tabs icon-position-left mobile-mode-accordion\" style=\"--awb-title-border-radius-top-left:0px;--awb-title-border-radius-top-right:0px;--awb-title-border-radius-bottom-right:0px;--awb-title-border-radius-bottom-left:0px;--awb-inactive-color:#ebeaea;--awb-background-color:#ffffff;--awb-border-color:#ebeaea;--awb-active-border-color:#007367;\"><div class=\"nav\"><ul class=\"nav-tabs nav-justified\" role=\"tablist\"><li class=\"active\" role=\"presentation\"><a class=\"tab-link\" data-toggle=\"tab\" role=\"tab\" aria-controls=\"tab-463574d4ba299b2363d\" aria-selected=\"true\" id=\"fusion-tab-issue1\" href=\"#tab-463574d4ba299b2363d\"><h4 class=\"fusion-tab-heading\">Issue 1<\/h4><\/a><\/li><li role=\"presentation\"><a class=\"tab-link\" data-toggle=\"tab\" role=\"tab\" aria-controls=\"tab-af569c4af4d4fde0730\" aria-selected=\"false\" tabindex=\"-1\" id=\"fusion-tab-issue2\" href=\"#tab-af569c4af4d4fde0730\"><h4 class=\"fusion-tab-heading\">Issue 2<\/h4><\/a><\/li><li role=\"presentation\"><a class=\"tab-link\" data-toggle=\"tab\" role=\"tab\" aria-controls=\"tab-d3095bf87d0cf302f67\" aria-selected=\"false\" tabindex=\"-1\" id=\"fusion-tab-issue3\" href=\"#tab-d3095bf87d0cf302f67\"><h4 class=\"fusion-tab-heading\">Issue 3<\/h4><\/a><\/li><li role=\"presentation\"><a class=\"tab-link\" data-toggle=\"tab\" role=\"tab\" aria-controls=\"tab-29a7e1abc71cd9e8902\" aria-selected=\"false\" tabindex=\"-1\" id=\"fusion-tab-issue4\" href=\"#tab-29a7e1abc71cd9e8902\"><h4 class=\"fusion-tab-heading\">Issue 4<\/h4><\/a><\/li><\/ul><\/div><div class=\"tab-content\"><div class=\"nav fusion-mobile-tab-nav\"><ul class=\"nav-tabs nav-justified\" role=\"tablist\"><li class=\"active\" role=\"presentation\"><a class=\"tab-link\" data-toggle=\"tab\" role=\"tab\" aria-controls=\"tab-463574d4ba299b2363d\" aria-selected=\"true\" id=\"mobile-fusion-tab-issue1\" href=\"#tab-463574d4ba299b2363d\"><h4 class=\"fusion-tab-heading\">Issue 1<\/h4><\/a><\/li><\/ul><\/div><div class=\"tab-pane fade fusion-clearfix in active\" role=\"tabpanel\" tabindex=\"0\" aria-labelledby=\"fusion-tab-issue1\" id=\"tab-463574d4ba299b2363d\">\n<h3>Volume 17, Issue 1 (January 2014)<\/h3>\n<p><b><\/b><b><a href=\"http:\/\/ideas.repec.org\/a\/red\/issued\/12-92.html\">Career Length: Effects of Curvature of Earnings Profiles, Earnings Shocks, Taxes, and Social Security<\/a><\/b><br \/>\n<i>by<\/i> Lars Ljungqvist &#038; Thomas Sargent<br \/>\n<a href=\"http:\/\/ideas.repec.org\/c\/red\/ccodes\/12-92.html\">Computational Appendix and Data Files <\/a><\/p>\n<p><b><a href=\"http:\/\/ideas.repec.org\/a\/red\/issued\/11-157.html\">Growth, Selection and Appropriate Contracts<\/a><\/b><br \/>\n<i>by<\/i> Alessandra Bonfiglioli &#038; Gino Gancia<\/p>\n<p><b><a href=\"http:\/\/ideas.repec.org\/a\/red\/issued\/10-237.html\">The Price of Imports and TFP: Application to the Korean Crisis of 1997-98<\/a><\/b><br \/>\n<i>by<\/i> Seon Tae Kim<br \/>\n<a href=\"http:\/\/ideas.repec.org\/c\/red\/ccodes\/10-237.html\">Computational Appendix and Data Files <\/a><\/p>\n<p><b><a href=\"http:\/\/ideas.repec.org\/a\/red\/issued\/11-134.html\">Credit Constraints, Inelastic Supply, and the Housing Boom<\/a><\/b><br \/>\n<i>by<\/i> Yongqiang Chu<br \/>\n<a href=\"http:\/\/ideas.repec.org\/c\/red\/ccodes\/11-134.html\">Computational Appendix<\/a><\/p>\n<p><b><a href=\"http:\/\/ideas.repec.org\/a\/red\/issued\/12-159.html\">The Role of Inventories and Capacity Utilization as Shock Absorbers<\/a><\/b><br \/>\n<i>by<\/i> Leonardo Auernheimer &#038; Danilo Rogelio Trupkin<br \/>\n<a href=\"http:\/\/ideas.repec.org\/c\/red\/ccodes\/12-159.html\">Computational Appendix and Data Files<\/a>, <a href=\"http:\/\/ideas.repec.org\/p\/red\/append\/12-159.html\">Online Appendix<\/a><\/p>\n<p><b><a href=\"http:\/\/ideas.repec.org\/a\/red\/issued\/11-155.html\">Preferences for Risk in Dynamic Models with Adjustment Costs<\/a><\/b><br \/>\n<i>by<\/i> Galina Vereshchagina<br \/>\n<a href=\"http:\/\/ideas.repec.org\/c\/red\/ccodes\/11-155.html\">Computational Appendix<\/a><\/p>\n<p><b><a href=\"http:\/\/ideas.repec.org\/a\/red\/issued\/11-295.html\">Resuscitating Businessman Risk: A Rationale for Familiarity-Based Portfolios<\/a><\/b><br \/>\n<i>by<\/i> Doriana Ruffino<br \/>\n<a href=\"http:\/\/ideas.repec.org\/c\/red\/ccodes\/12-92.html\">Computational Appendix<\/a><\/p>\n<p><b><a href=\"http:\/\/ideas.repec.org\/a\/red\/issued\/11-135.html\">How Does a Pay-as-you-go System Affect Asset Returns and the Equity Premium?<\/a><\/b><br \/>\n<i>by<\/i> Conny Olovsson<br \/>\n<a href=\"http:\/\/ideas.repec.org\/c\/red\/ccodes\/11-135.html\">Computational Appendix and Data Files<\/a><\/p>\n<p><b><a href=\"http:\/\/ideas.repec.org\/a\/red\/issued\/12-71.html\">Brand Capital and Firm Value<\/a><\/b><br \/>\n<i>by<\/i> Frederico Belo &#038; Xiaoji Lin &#038; Maria Ana Vitorino<br \/>\n<a href=\"http:\/\/ideas.repec.org\/c\/red\/ccodes\/12-71.html\">Computational Appendix and Data Files<\/a>, <a href=\"http:\/\/ideas.repec.org\/p\/red\/append\/12-71.html\">Online Appendix<\/a><\/p>\n<p><b><a href=\"http:\/\/ideas.repec.org\/a\/red\/issued\/11-207.html\">Is Smoking a Fiscal Good?<\/a><\/b><br \/>\n<i>by<\/i> Shantanu Bagchi &#038; James Feigenbaum<\/div><div class=\"nav fusion-mobile-tab-nav\"><ul class=\"nav-tabs nav-justified\" role=\"tablist\"><li role=\"presentation\"><a class=\"tab-link\" data-toggle=\"tab\" role=\"tab\" aria-controls=\"tab-af569c4af4d4fde0730\" aria-selected=\"false\" tabindex=\"-1\" id=\"mobile-fusion-tab-issue2\" href=\"#tab-af569c4af4d4fde0730\"><h4 class=\"fusion-tab-heading\">Issue 2<\/h4><\/a><\/li><\/ul><\/div><div class=\"tab-pane fade fusion-clearfix\" role=\"tabpanel\" tabindex=\"0\" aria-labelledby=\"fusion-tab-issue2\" id=\"tab-af569c4af4d4fde0730\">\n<h3>Volume 17, Issue 2 (April 2014)<\/h3>\n<p><b><\/b><b><a href=\"http:\/\/ideas.repec.org\/a\/red\/issued\/12-42.html\">Credit, Vacancies and Unemployment Fluctuations<\/a><\/b><br \/>\n<i>by<\/i> Nicolas Petrosky-Nadeau<br \/>\n<a href=\"http:\/\/ideas.repec.org\/c\/red\/ccodes\/12-42.html\">Computational Appendix and Data Files<\/a><\/p>\n<p><b><a href=\"http:\/\/ideas.repec.org\/a\/red\/issued\/13-63.html\">The Labor Wedge: MRS vs. MPN<\/a><\/b><br \/>\n<i>by<\/i> Loukas Karabarbounis<br \/>\n<a href=\"http:\/\/ideas.repec.org\/c\/red\/ccodes\/13-63.html\">Computational Appendix and Data Files<\/a><\/p>\n<p><b><a href=\"http:\/\/ideas.repec.org\/a\/red\/issued\/11-267.html\">Sources of Business Fluctuations: Financial or Technology Shocks?<\/a><\/b><br \/>\n<i>by<\/i> Sohei Kaihatsu &#038; Takushi Kurozumi<br \/>\n<a href=\"http:\/\/ideas.repec.org\/c\/red\/ccodes\/11-267.html\">Computational Appendix and Data Files<\/a><\/p>\n<p><b><a href=\"http:\/\/ideas.repec.org\/a\/red\/issued\/12-23.html\">Multinational Production, Exports and Aggregate Productivity<\/a><\/b><br \/>\n<i>by<\/i> Joel Rodrigue<br \/>\n<a href=\"http:\/\/ideas.repec.org\/c\/red\/ccodes\/12-23.html\">Computational Appendix<\/a>, <a href=\"http:\/\/ideas.repec.org\/p\/red\/append\/12-23.html\">Online Appendix <\/a><\/p>\n<p><b><a href=\"http:\/\/ideas.repec.org\/a\/red\/issued\/11-242.html\">Tax collection, the informal sector, and productivity<\/a><\/b><br \/>\n<i>by<\/i> Julio C\u00e9sar Leal Ord\u00f3\u00f1ez<br \/>\n<a href=\"http:\/\/ideas.repec.org\/c\/red\/ccodes\/11-242.html\">Computational Appendix and Data Files<\/a><\/p>\n<p><b><a href=\"http:\/\/ideas.repec.org\/a\/red\/issued\/12-132.html\">Optimal inflation in a model of inside money<\/a><\/b><br \/>\n<i>by<\/i> Alexei Deviatov &#038; Neil Wallace<\/p>\n<p><b><a href=\"http:\/\/ideas.repec.org\/a\/red\/issued\/12-15.html\">Toward a Taylor Rule for Fiscal Policy<\/a><\/b><br \/>\n<i>by<\/i> Martin Kliem &#038; Alexander Kriwoluzky<br \/>\n<a href=\"http:\/\/ideas.repec.org\/c\/red\/ccodes\/12-15.html\">Computational Appendix and Data Files<\/a>, <a href=\"http:\/\/ideas.repec.org\/p\/red\/append\/12-15.html\">Online Appendix<\/a><\/p>\n<p><b><a href=\"http:\/\/ideas.repec.org\/a\/red\/issued\/12-193.html\">A Dynamic Model of Altruistically-Motivated Transfers<\/a><\/b><br \/>\n<i>by<\/i> Daniel Barczyk &#038; Matthias Kredler<br \/>\n<a href=\"http:\/\/ideas.repec.org\/c\/red\/ccodes\/12-193.html\">Computational Appendix<\/a>, <a href=\"http:\/\/ideas.repec.org\/p\/red\/append\/12-193.html\">Online Appendix <\/a><\/p>\n<p><b><a href=\"http:\/\/ideas.repec.org\/a\/red\/issued\/11-275.html\">A generalized endogenous grid method for non-smooth and non-concave problems<\/a><\/b><br \/>\n<i>by<\/i> Giulio Fella<br \/>\n<a href=\"http:\/\/ideas.repec.org\/c\/red\/ccodes\/11-275.html\">Computational Appendix and Data Files<\/a><\/p>\n<p><b><a href=\"http:\/\/ideas.repec.org\/a\/red\/issued\/12-89.html\">Saving Up or Settling Down: Home Ownership over the Life Cycle<\/a><\/b><br \/>\n<i>by<\/i> Jonathan Halket &#038; Santhanagopalan Vasudev<br \/>\n<a href=\"http:\/\/ideas.repec.org\/c\/red\/ccodes\/12-89.html\">Computational Appendix and Data Files<\/a>, <a href=\"http:\/\/ideas.repec.org\/p\/red\/append\/12-89.html\">Online Appendix<\/a><\/div><div class=\"nav fusion-mobile-tab-nav\"><ul class=\"nav-tabs nav-justified\" role=\"tablist\"><li role=\"presentation\"><a class=\"tab-link\" data-toggle=\"tab\" role=\"tab\" aria-controls=\"tab-d3095bf87d0cf302f67\" aria-selected=\"false\" tabindex=\"-1\" id=\"mobile-fusion-tab-issue3\" href=\"#tab-d3095bf87d0cf302f67\"><h4 class=\"fusion-tab-heading\">Issue 3<\/h4><\/a><\/li><\/ul><\/div><div class=\"tab-pane fade fusion-clearfix\" role=\"tabpanel\" tabindex=\"0\" aria-labelledby=\"fusion-tab-issue3\" id=\"tab-d3095bf87d0cf302f67\">\n<h3>Volume 17, Issue 3 (July 2014)<\/h3>\n<p><b><\/b><b><a href=\"http:\/\/ideas.repec.org\/a\/red\/issued\/12-17.html\">Learning, Large Deviations and Rare Events<\/a><\/b><br \/>\n<i>by<\/i> Jess Benhabib &#038; Chetan Dave<\/p>\n<p><b><a href=\"http:\/\/ideas.repec.org\/a\/red\/issued\/12-249.html\">The Political Economy of Entry Barriers<\/a><\/b><br \/>\n<i>by<\/i> Toshihiko Mukoyama &#038; Latchezar Popov<\/p>\n<p><b><a href=\"http:\/\/ideas.repec.org\/a\/red\/issued\/12-217.html\">Size, Trend, and Policy Implications of the Underground Economy<\/a><\/b><br \/>\n<i>by<\/i> Renzo Orsi &#038; Davide Raggi &#038; Francesco Turino<\/p>\n<p><b><a href=\"http:\/\/ideas.repec.org\/a\/red\/issued\/11-151.html\">Resistance to Technology Adoption: The Rise and Decline of Guilds<\/a><\/b><br \/>\n<i>by<\/i> Klaus Desmet &#038; Stephen Parente<\/p>\n<p><b><a href=\"http:\/\/ideas.repec.org\/a\/red\/issued\/11-180.html\">War Finance and the Baby Boom<\/a><\/b><br \/>\n<i>by<\/i> Kai Zhao<\/p>\n<p><b><a href=\"http:\/\/ideas.repec.org\/a\/red\/issued\/10-165.html\">Relative Price Fluctuations in a Multi-Sector Model with Imperfect Competition<\/a><\/b><br \/>\n<i>by<\/i> Alain Gabler<\/p>\n<p><b><a href=\"http:\/\/ideas.repec.org\/a\/red\/issued\/12-45.html\">Structural Transformation and the Oil Price<\/a><\/b><br \/>\n<i>by<\/i> Radoslaw Stefanski<\/p>\n<p><b><a href=\"http:\/\/ideas.repec.org\/a\/red\/issued\/11-1.html\">Monetary Policy with Heterogeneous Households and Imperfect Risk-Sharing<\/a><\/b><br \/>\n<i>by<\/i> Jae Won Lee<\/p>\n<p><b><a href=\"http:\/\/ideas.repec.org\/a\/red\/issued\/13-70.html\">Floor Systems for Implementing Monetary Policy: Some Unpleasant Fiscal Arithmetic<\/a><\/b><br \/>\n<i>by<\/i> Aleksander Berentsen &#038; Alessandro Marchesiani &#038; Christopher Waller<\/p>\n<p><b><a href=\"http:\/\/ideas.repec.org\/a\/red\/issued\/12-194.html\">Unconventional Optimal Open Market Purchases<\/a><\/b><br \/>\n<i>by<\/i> Chao Gu &#038; Joseph Haslag<\/div><div class=\"nav fusion-mobile-tab-nav\"><ul class=\"nav-tabs nav-justified\" role=\"tablist\"><li role=\"presentation\"><a class=\"tab-link\" data-toggle=\"tab\" role=\"tab\" aria-controls=\"tab-29a7e1abc71cd9e8902\" aria-selected=\"false\" tabindex=\"-1\" id=\"mobile-fusion-tab-issue4\" href=\"#tab-29a7e1abc71cd9e8902\"><h4 class=\"fusion-tab-heading\">Issue 4<\/h4><\/a><\/li><\/ul><\/div><div class=\"tab-pane fade fusion-clearfix\" role=\"tabpanel\" tabindex=\"0\" aria-labelledby=\"fusion-tab-issue4\" id=\"tab-29a7e1abc71cd9e8902\">\n<h3>Volume 17, Issue 4 (October 2014)<\/h3>\n<p><b><\/b><b><a href=\"https:\/\/ideas.repec.org\/a\/red\/issued\/11-141.html\">Income Taxation of U.S. Households: Facts and Parametric Estimates<\/a><\/b><br \/>\n<i>by<\/i> Nezih Guner &#038; Remzi Kaygusuz &#038; Gustavo Ventura<\/p>\n<p><b><a href=\"https:\/\/ideas.repec.org\/a\/red\/issued\/13-27.html\">Wage, Income and Consumption Inequality in Japan, 1981-2008: from Boom to Lost Decades<\/a><\/b><br \/>\n<i>by<\/i> Jeremy Lise &#038; Nao Sudo &#038; Michio Suzuki &#038; Ken Yamada &#038; Tomoaki Yamada<\/p>\n<p><b><a href=\"https:\/\/ideas.repec.org\/a\/red\/issued\/12-119.html\">Interpreting Life Cycle Inequality Patterns as an Efficient Allocation: Mission Impossible?<\/a><\/b><br \/>\n<i>by<\/i> Alejandro Badel &#038; Mark Huggett<\/p>\n<p><b><a href=\"https:\/\/ideas.repec.org\/a\/red\/issued\/10-28.html\">Dynamic Effects of Labor Supply: a mechanism explaining cross-sectional differences in hours<\/a><\/b><br \/>\n<i>by<\/i> Ricardo Manuel Santos<\/p>\n<p><b><a href=\"https:\/\/ideas.repec.org\/a\/red\/issued\/12-172.html\">Sunspots and Self-Fulfilling Beliefs in the U.S. Housing Market<\/a><\/b><br \/>\n<i>by<\/i> Masanori Kashiwagi<\/p>\n<p><b><a href=\"https:\/\/ideas.repec.org\/a\/red\/issued\/12-142.html\">Growth and Crisis, Unavoidable Connection?<\/a><\/b><br \/>\n<i>by<\/i> Roberto Piazza<\/p>\n<p><b><a href=\"https:\/\/ideas.repec.org\/a\/red\/issued\/12-25.html\">Spatial Takeoff in the First Industrial Revolution<\/a><\/b><br \/>\n<i>by<\/i> Alex Trew<\/p>\n<p><b><a href=\"https:\/\/ideas.repec.org\/a\/red\/issued\/13-137.html\">Why Stare Decisis?<\/a><\/b><br \/>\n<i>by<\/i> Luca Anderlini &#038; Leonardo Felli &#038; Alessandro Riboni<\/p>\n<p><b><a href=\"https:\/\/ideas.repec.org\/a\/red\/issued\/13-126.html\">Social Security is NOT a Substitute for Annuity Markets<\/a><\/b><br \/>\n<i>by<\/i> Frank Caliendo &#038; Nick Guo &#038; Roozbeh Hosseini<\/p>\n<p><b><a href=\"https:\/\/ideas.repec.org\/a\/red\/issued\/12-251.html\">Sustainable Social Security: Four Options<\/a><\/b><br \/>\n<i>by<\/i> Sagiri Kitao<\/p>\n<p><b><a href=\"https:\/\/ideas.repec.org\/a\/red\/issued\/11-147.html\">Offshoring and occupational specificity of human capital<\/a><\/b><br \/>\n<i>by<\/i> Moritz Ritter<\/p>\n<p><b><a href=\"https:\/\/ideas.repec.org\/a\/red\/issued\/12-77.html\">Dynamic Asset Allocation with Ambiguous Return Predictability<\/a><\/b><br \/>\n<i>by<\/i> Hui Chen &#038; Nengjiu Ju &#038; Jianjun Miao<\/p>\n<p><b><a href=\"https:\/\/ideas.repec.org\/a\/red\/issued\/13-98.html\">Explaining Educational Attainment across Countries and over Time<\/a><\/b><br \/>\n<i>by<\/i> Diego Restuccia &#038; Guillaume Vandenbroucke<\/p>\n<p><b><a href=\"https:\/\/ideas.repec.org\/a\/red\/issued\/12-174.html\">Gender gaps across countries and skills: Demand, supply and the industry structure<\/a><\/b><br \/>\n<i>by<\/i> Claudia Olivetti &#038; Barbara Petrongolo<\/div><\/div><\/div><div class=\"fusion-clearfix\"><\/div><\/div><\/div><\/div><\/div>\n","protected":false},"excerpt":{"rendered":"","protected":false},"author":1,"featured_media":0,"parent":0,"menu_order":0,"comment_status":"closed","ping_status":"closed","template":"","meta":{"_bbp_topic_count":0,"_bbp_reply_count":0,"_bbp_total_topic_count":0,"_bbp_total_reply_count":0,"_bbp_voice_count":0,"_bbp_anonymous_reply_count":0,"_bbp_topic_count_hidden":0,"_bbp_reply_count_hidden":0,"_bbp_forum_subforum_count":0,"_coblocks_attr":"","_coblocks_dimensions":"","_coblocks_responsive_height":"","_coblocks_accordion_ie_support":"","footnotes":""},"class_list":["post-11323","page","type-page","status-publish","hentry"],"_links":{"self":[{"href":"https:\/\/david-alegre.com\/repo-sed\/wp-json\/wp\/v2\/pages\/11323","targetHints":{"allow":["GET"]}}],"collection":[{"href":"https:\/\/david-alegre.com\/repo-sed\/wp-json\/wp\/v2\/pages"}],"about":[{"href":"https:\/\/david-alegre.com\/repo-sed\/wp-json\/wp\/v2\/types\/page"}],"author":[{"embeddable":true,"href":"https:\/\/david-alegre.com\/repo-sed\/wp-json\/wp\/v2\/users\/1"}],"replies":[{"embeddable":true,"href":"https:\/\/david-alegre.com\/repo-sed\/wp-json\/wp\/v2\/comments?post=11323"}],"version-history":[{"count":7,"href":"https:\/\/david-alegre.com\/repo-sed\/wp-json\/wp\/v2\/pages\/11323\/revisions"}],"predecessor-version":[{"id":15040,"href":"https:\/\/david-alegre.com\/repo-sed\/wp-json\/wp\/v2\/pages\/11323\/revisions\/15040"}],"wp:attachment":[{"href":"https:\/\/david-alegre.com\/repo-sed\/wp-json\/wp\/v2\/media?parent=11323"}],"curies":[{"name":"wp","href":"https:\/\/api.w.org\/{rel}","templated":true}]}}