{"id":11303,"date":"2015-04-05T03:51:03","date_gmt":"2015-04-05T03:51:03","guid":{"rendered":"http:\/\/ec2-52-1-87-149.compute-1.amazonaws.com\/newSED\/?page_id=11303"},"modified":"2017-07-24T04:36:27","modified_gmt":"2017-07-24T04:36:27","slug":"volume-12-2009","status":"publish","type":"page","link":"https:\/\/david-alegre.com\/repo-sed\/volume-12-2009\/","title":{"rendered":"Volume 12 (2009)"},"content":{"rendered":"<div class=\"fusion-fullwidth fullwidth-box fusion-builder-row-1 hundred-percent-fullwidth non-hundred-percent-height-scrolling\" style=\"--awb-border-radius-top-left:0px;--awb-border-radius-top-right:0px;--awb-border-radius-bottom-right:0px;--awb-border-radius-bottom-left:0px;--awb-overflow:visible;--awb-flex-wrap:wrap;\" ><div class=\"fusion-builder-row fusion-row\"><div class=\"fusion-layout-column fusion_builder_column fusion-builder-column-0 fusion_builder_column_1_1 1_1 fusion-one-full fusion-column-first fusion-column-last fusion-column-no-min-height\" style=\"--awb-bg-size:cover;--awb-margin-bottom:0px;\"><div class=\"fusion-column-wrapper fusion-flex-column-wrapper-legacy\"><div class=\"fusion-title title fusion-title-1 fusion-title-text fusion-title-size-one\"><h1 class=\"fusion-title-heading title-heading-left\" style=\"margin:0;\">Review of Economic Dynamics: Volume 12 (2009)<\/h1><span class=\"awb-title-spacer\"><\/span><div class=\"title-sep-container\"><div class=\"title-sep sep-single sep-solid\" style=\"border-color:#56705c;\"><\/div><\/div><\/div><div class=\"fusion-clearfix\"><\/div><\/div><\/div><div class=\"fusion-layout-column fusion_builder_column fusion-builder-column-1 fusion_builder_column_1_1 1_1 fusion-one-full fusion-column-first fusion-column-last fusion-column-no-min-height\" style=\"--awb-bg-size:cover;--awb-margin-bottom:0px;\"><div class=\"fusion-column-wrapper fusion-flex-column-wrapper-legacy\"><div class=\"fusion-tabs fusion-tabs-1 classic nav-is-justified horizontal-tabs icon-position-left mobile-mode-accordion\" style=\"--awb-title-border-radius-top-left:0px;--awb-title-border-radius-top-right:0px;--awb-title-border-radius-bottom-right:0px;--awb-title-border-radius-bottom-left:0px;--awb-inactive-color:#ebeaea;--awb-background-color:#ffffff;--awb-border-color:#ebeaea;--awb-active-border-color:#007367;\"><div class=\"nav\"><ul class=\"nav-tabs nav-justified\" role=\"tablist\"><li class=\"active\" role=\"presentation\"><a class=\"tab-link\" data-toggle=\"tab\" role=\"tab\" aria-controls=\"tab-967bc85fbf58da5693c\" aria-selected=\"true\" id=\"fusion-tab-issue1\" href=\"#tab-967bc85fbf58da5693c\"><h4 class=\"fusion-tab-heading\">Issue 1<\/h4><\/a><\/li><li role=\"presentation\"><a class=\"tab-link\" data-toggle=\"tab\" role=\"tab\" aria-controls=\"tab-5e6128156effc6e07d8\" aria-selected=\"false\" tabindex=\"-1\" id=\"fusion-tab-issue2\" href=\"#tab-5e6128156effc6e07d8\"><h4 class=\"fusion-tab-heading\">Issue 2<\/h4><\/a><\/li><li role=\"presentation\"><a class=\"tab-link\" data-toggle=\"tab\" role=\"tab\" aria-controls=\"tab-05f50b48391a0b44c4c\" aria-selected=\"false\" tabindex=\"-1\" id=\"fusion-tab-issue3\" href=\"#tab-05f50b48391a0b44c4c\"><h4 class=\"fusion-tab-heading\">Issue 3<\/h4><\/a><\/li><li role=\"presentation\"><a class=\"tab-link\" data-toggle=\"tab\" role=\"tab\" aria-controls=\"tab-66a566f4155b82427d3\" aria-selected=\"false\" tabindex=\"-1\" id=\"fusion-tab-issue4\" href=\"#tab-66a566f4155b82427d3\"><h4 class=\"fusion-tab-heading\">Issue 4<\/h4><\/a><\/li><\/ul><\/div><div class=\"tab-content\"><div class=\"nav fusion-mobile-tab-nav\"><ul class=\"nav-tabs nav-justified\" role=\"tablist\"><li class=\"active\" role=\"presentation\"><a class=\"tab-link\" data-toggle=\"tab\" role=\"tab\" aria-controls=\"tab-967bc85fbf58da5693c\" aria-selected=\"true\" id=\"mobile-fusion-tab-issue1\" href=\"#tab-967bc85fbf58da5693c\"><h4 class=\"fusion-tab-heading\">Issue 1<\/h4><\/a><\/li><\/ul><\/div><div class=\"tab-pane fade fusion-clearfix in active\" role=\"tabpanel\" tabindex=\"0\" aria-labelledby=\"fusion-tab-issue1\" id=\"tab-967bc85fbf58da5693c\">\n<h3>Volume 12, Issue 1 (January 2009)<\/h3>\n<p><b><\/b><b> <a href=\"http:\/\/ideas.repec.org\/a\/red\/issued\/08-8.html\">Empirical Applications of Discrete Choice Dynamic Programming Models<\/a><\/b><br \/>\n<i>by<\/i> Michael P. Keane &#038; Kenneth I. Wolpin<\/p>\n<p><b> <a href=\"http:\/\/ideas.repec.org\/a\/red\/issued\/07-175.html\">Lifetime Aggregate Labor Supply with Endogenous Workweek Length<\/a><\/b><br \/>\n<i>by<\/i> Edward C. Prescott &#038; Richard Rogerson &#038; Johanna Wallenius<\/p>\n<p><b> <a href=\"http:\/\/ideas.repec.org\/a\/red\/issued\/07-9.html\">Optimal Unemployment Insurance in an Estimated Job Search Model with Savings<\/a><\/b><br \/>\n<i>by<\/i> Rasmus Lentz<\/p>\n<p><b> <a href=\"http:\/\/ideas.repec.org\/a\/red\/issued\/06-15.html\">An Empirical Investigation of Labor Income Processes<\/a><\/b><br \/>\n<i>by<\/i> Fatih Guvenen<br \/>\n<a href=\"http:\/\/ideas.repec.org\/c\/red\/ccodes\/06-15.html\">Computational Appendix<\/a><\/p>\n<p><b> <a href=\"http:\/\/ideas.repec.org\/a\/red\/issued\/06-236.html\">Home Production, Market Production and the Gender Wage Gap: Incentives and Expectations<\/a><\/b><br \/>\n<i>by<\/i> Stefania Albanesi &#038; Claudia Olivetti<br \/>\n<a href=\"http:\/\/ideas.repec.org\/c\/red\/ccodes\/06-236.html\">Computational Appendix and Data Files <\/a><\/p>\n<p><b> <a href=\"http:\/\/ideas.repec.org\/a\/red\/issued\/06-134.html\">An Equilibrium Search Model with Optimal Wage-Experience Contracts<\/a><\/b><br \/>\n<i>by<\/i> Carlos Carrillo-Tudela<br \/>\n<a href=\"http:\/\/ideas.repec.org\/c\/red\/ccodes\/06-134.html\">Computational Appendix<\/a><\/p>\n<p><b> <a href=\"http:\/\/ideas.repec.org\/a\/red\/issued\/06-176.html\">The Aggregate Labor Market Effects of the Swedish Knowledge Lift Program<\/a><\/b><br \/>\n<i>by<\/i> James Albrecht &#038; Gerard van den Berg &#038; Susan Vroman<\/p>\n<p><b> <a href=\"http:\/\/ideas.repec.org\/a\/red\/issued\/06-8.html\">Delaying Retirement in Spain<\/a><\/b><br \/>\n<i>by<\/i> Javier D\u00edaz-Gim\u00e9nez &#038; Juli\u00e1n D\u00edaz-Saavedra<br \/>\n<a href=\"http:\/\/ideas.repec.org\/c\/red\/ccodes\/06-8.html\">Computational Appendix<\/a><\/p>\n<p><b> <a href=\"http:\/\/ideas.repec.org\/a\/red\/issued\/06-133.html\">Education, Sectoral Composition and Growth<\/a><\/b><br \/>\n<i>by<\/i> Joseph P. Kaboski<br \/>\n<a href=\"http:\/\/ideas.repec.org\/c\/red\/ccodes\/06-133.html\">Computational Appendix<\/a><\/p>\n<p><b> <a href=\"http:\/\/ideas.repec.org\/a\/red\/issued\/06-167.html\">Labor Markets and Productivity in Developing Countries<\/a><\/b><br \/>\n<i>by<\/i> Mathan Satchi &#038; Jonathan Temple<br \/>\n<a href=\"http:\/\/ideas.repec.org\/p\/red\/append\/06-167.html\">Online Appendix <\/a><\/p>\n<p><b> <a href=\"http:\/\/ideas.repec.org\/a\/red\/issued\/07-196.html\">The Federal Student Loan Program: Quantitative Implications for College Enrollment and Default Rates<\/a><\/b><br \/>\n<i>by<\/i> Felicia Ionescu<br \/>\n<a href=\"http:\/\/ideas.repec.org\/c\/red\/ccodes\/07-196.html\">Computational Appendix and Data Files<\/a><\/div><div class=\"nav fusion-mobile-tab-nav\"><ul class=\"nav-tabs nav-justified\" role=\"tablist\"><li role=\"presentation\"><a class=\"tab-link\" data-toggle=\"tab\" role=\"tab\" aria-controls=\"tab-5e6128156effc6e07d8\" aria-selected=\"false\" tabindex=\"-1\" id=\"mobile-fusion-tab-issue2\" href=\"#tab-5e6128156effc6e07d8\"><h4 class=\"fusion-tab-heading\">Issue 2<\/h4><\/a><\/li><\/ul><\/div><div class=\"tab-pane fade fusion-clearfix\" role=\"tabpanel\" tabindex=\"0\" aria-labelledby=\"fusion-tab-issue2\" id=\"tab-5e6128156effc6e07d8\">\n<h3>Volume 12, Issue 2 (April 2009)<\/h3>\n<p><b><\/b><b><a href=\"http:\/\/ideas.repec.org\/a\/red\/issued\/08-51.html\">Dynamics of city formation<\/a><\/b><br \/>\n<i>by<\/i> Vernon Henderson &#038; Anthony Venables<\/p>\n<p><b><a href=\"http:\/\/ideas.repec.org\/a\/red\/issued\/08-106.html\">Euler Equation Errors<\/a><\/b><br \/>\n<i>by<\/i> Martin Lettau &#038; Sydney Ludvigson<br \/>\n<a href=\"http:\/\/ideas.repec.org\/c\/red\/ccodes\/08-106.html\">Computational Appendix and Data Files<\/a><\/p>\n<p><b><a href=\"http:\/\/ideas.repec.org\/a\/red\/issued\/08-80.html\">Asymmetric Expectation Effects of Regime Shifts in Monetary Policy<\/a><\/b><br \/>\n<i>by<\/i> Zheng Liu &#038; Daniel Waggoner &#038; Tao Zha<br \/>\n<a href=\"http:\/\/ideas.repec.org\/c\/red\/ccodes\/08-80.html\">Computational Appendix <\/a><\/p>\n<p><b><a href=\"http:\/\/ideas.repec.org\/a\/red\/issued\/07-129.html\">Time Varying U.S. Inflation Dynamics and the New Keynesian Phillips Curve<\/a><\/b><br \/>\n<i>by<\/i> Kevin Lansing<\/p>\n<p><b><a href=\"http:\/\/ideas.repec.org\/a\/red\/issued\/04-82.html\">Output, Inflation, and Interest Rates in an Estimated Optimizing Model of Monetary Policy<\/a><\/b><br \/>\n<i>by<\/i> Benjamin Keen<br \/>\n<a href=\"http:\/\/ideas.repec.org\/c\/red\/ccodes\/04-82.html\">Computational Appendix and Data Files<\/a><\/p>\n<p><b><a href=\"http:\/\/ideas.repec.org\/a\/red\/issued\/08-17.html\">Transactions, Credit, and Central Banking in a Model of Segmented Markets<\/a><\/b><br \/>\n<i>by<\/i> Stephen D. Williamson<\/p>\n<p><b><a href=\"http:\/\/ideas.repec.org\/a\/red\/issued\/07-134.html\">Yet Another Reason to Tax Goods<\/a><\/b><br \/>\n<i>by<\/i> Carlos E. da Costa<br \/>\n<a href=\"http:\/\/ideas.repec.org\/c\/red\/ccodes\/07-134.html\">Computational Appendix<\/a><\/p>\n<p><b><a href=\"http:\/\/ideas.repec.org\/a\/red\/issued\/07-180.html\">Aid Effectiveness and Limited Enforceable Conditionality<\/a><\/b><br \/>\n<i>by<\/i> Almuth Scholl<br \/>\n<a href=\"http:\/\/ideas.repec.org\/c\/red\/ccodes\/07-180.html\">Computational Appendix and Data Files<\/a><\/div><div class=\"nav fusion-mobile-tab-nav\"><ul class=\"nav-tabs nav-justified\" role=\"tablist\"><li role=\"presentation\"><a class=\"tab-link\" data-toggle=\"tab\" role=\"tab\" aria-controls=\"tab-05f50b48391a0b44c4c\" aria-selected=\"false\" tabindex=\"-1\" id=\"mobile-fusion-tab-issue3\" href=\"#tab-05f50b48391a0b44c4c\"><h4 class=\"fusion-tab-heading\">Issue 3<\/h4><\/a><\/li><\/ul><\/div><div class=\"tab-pane fade fusion-clearfix\" role=\"tabpanel\" tabindex=\"0\" aria-labelledby=\"fusion-tab-issue3\" id=\"tab-05f50b48391a0b44c4c\">\n<h3>Volume 12, Issue 3 (July 2009)<\/h3>\n<p><b><\/b><b><a href=\"http:\/\/ideas.repec.org\/a\/red\/issued\/08-211.html\">Revisiting the Welfare Effects of Eliminating Business Cycles<\/a><\/b><br \/>\n<i>by<\/i> Per Krusell &#038; Toshihiko Mukoyama &#038; Aysegul Sahin &#038; Anthony A. Smith, Jr.<br \/>\n<a href=\"http:\/\/ideas.repec.org\/c\/red\/ccodes\/08-211.html\">Computational Appendix<\/a>, <a href=\"http:\/\/ideas.repec.org\/p\/red\/append\/08-211.html\">Online Appendix<\/a><\/p>\n<p><b><a href=\"http:\/\/ideas.repec.org\/a\/red\/issued\/05-114.html\">Asset Prices and Business Cycles under Market Incompleteness<\/a><\/b><br \/>\n<i>by<\/i> Eva Carceles-Poveda<br \/>\n<a href=\"http:\/\/ideas.repec.org\/c\/red\/ccodes\/05-114.html\">Computational Appendix and Data Files<\/a><\/p>\n<p><b><a href=\"http:\/\/ideas.repec.org\/a\/red\/issued\/06-210.html\">Consumption over the Life Cycle: How Different is Housing?<\/a><\/b><br \/>\n<i>by<\/i> Fang Yang<br \/>\n<a href=\"http:\/\/ideas.repec.org\/c\/red\/ccodes\/06-210.html\">Computational Appendix and Data Files<\/a><\/p>\n<p><b><a href=\"http:\/\/ideas.repec.org\/a\/red\/issued\/05-58.html\">The Loan Structure and Housing Tenure Decisions in an Equilibrium Model of Mortgage Choice<\/a><\/b><br \/>\n<i>by<\/i> Matt Chambers &#038; Carlos Garriga &#038; Don Schlagenhauf<br \/>\n<a href=\"http:\/\/ideas.repec.org\/c\/red\/ccodes\/05-58.html\">Computational Appendix and Data Files<\/a><\/p>\n<p><b><a href=\"http:\/\/ideas.repec.org\/a\/red\/issued\/07-101.html\">The Stationary Distribution of Wealth under Progressive Taxation<\/a><\/b><br \/>\n<i>by<\/i> Daniel R. Carroll &#038; Eric R. Young<br \/>\n<a href=\"http:\/\/ideas.repec.org\/c\/red\/ccodes\/07-101.html\">Computational Appendix and Data Files<\/a><\/p>\n<p><b><a href=\"http:\/\/ideas.repec.org\/a\/red\/issued\/06-224.html\">Product Market Deregulation and the U.S. Employment Miracle<\/a><\/b><br \/>\n<i>by<\/i> Monique Ebell &#038; Christian Haefke<br \/>\n<a href=\"http:\/\/ideas.repec.org\/c\/red\/ccodes\/06-224.html\">Computational Appendix and Data Files<\/a><\/p>\n<p><b><a href=\"http:\/\/ideas.repec.org\/a\/red\/issued\/08-46.html\">Entrepreneurship and Productivity: The Slow Growth of the Planned Economies<\/a><\/b><br \/>\n<i>by<\/i> Claustre Bajona &#038; Luis Locay<br \/>\n<a href=\"http:\/\/ideas.repec.org\/c\/red\/ccodes\/08-46.html\">Computational Appendix <\/a><\/p>\n<p><b><a href=\"http:\/\/ideas.repec.org\/a\/red\/issued\/06-220.html\">A Tale of Two States: Maharashtra and West Bengal<\/a><\/b><br \/>\n<i>by<\/i> Amartya Lahiri &#038; Kei-Mu Yi<br \/>\n<a href=\"http:\/\/ideas.repec.org\/c\/red\/ccodes\/07-101.html\">Computational Appendix and Data Files<\/a><\/div><div class=\"nav fusion-mobile-tab-nav\"><ul class=\"nav-tabs nav-justified\" role=\"tablist\"><li role=\"presentation\"><a class=\"tab-link\" data-toggle=\"tab\" role=\"tab\" aria-controls=\"tab-66a566f4155b82427d3\" aria-selected=\"false\" tabindex=\"-1\" id=\"mobile-fusion-tab-issue4\" href=\"#tab-66a566f4155b82427d3\"><h4 class=\"fusion-tab-heading\">Issue 4<\/h4><\/a><\/li><\/ul><\/div><div class=\"tab-pane fade fusion-clearfix\" role=\"tabpanel\" tabindex=\"0\" aria-labelledby=\"fusion-tab-issue4\" id=\"tab-66a566f4155b82427d3\">\n<h3>Volume 12, Issue 4 (October 2009)<\/h3>\n<p><b><\/b><b><a href=\"http:\/\/ideas.repec.org\/a\/red\/issued\/08-143.html\">Model Uncertainty and Liquidity<\/a><\/b><br \/>\n<i>by<\/i> Bryan Routledge &#038; Stanley Zin<br \/>\n<a href=\"http:\/\/ideas.repec.org\/c\/red\/ccodes\/08-143.html\">Computational Appendix<\/a><\/p>\n<p><b><a href=\"http:\/\/ideas.repec.org\/a\/red\/issued\/07-53.html\">Schumpeterian Business Cycles with Pro-Cyclical R&#038;D<\/a><\/b><br \/>\n<i>by<\/i> Patrick Francois &#038; Huw Lloyd-Ellis<\/p>\n<p><b><a href=\"http:\/\/ideas.repec.org\/a\/red\/issued\/08-23.html\">Technology shocks around the world<\/a><\/b><br \/>\n<i>by<\/i> Martial Dupaigne &#038; Patrick F\u00e8ve<br \/>\n<a href=\"http:\/\/ideas.repec.org\/c\/red\/ccodes\/08-23.html\">Computational Appendix and Data Files<\/a>, <a href=\"http:\/\/ideas.repec.org\/p\/red\/append\/08-23.html\">Online Appendix<\/a><\/p>\n<p><b><a href=\"http:\/\/ideas.repec.org\/a\/red\/issued\/07-47.html\">A Positive Theory of Government Debt<\/a><\/b><br \/>\n<i>by<\/i> Fernando Martin<br \/>\n<a href=\"http:\/\/ideas.repec.org\/c\/red\/ccodes\/07-47.html\">Computational Appendix and Data Files<\/a><\/p>\n<p><b><a href=\"http:\/\/ideas.repec.org\/a\/red\/issued\/06-149.html\">The Cost of Labor Adjustment: Inferences from the Gap<\/a><\/b><br \/>\n<i>by<\/i> Russell Cooper &#038; Jonathan Willis<br \/>\n<a href=\"http:\/\/ideas.repec.org\/c\/red\/ccodes\/06-149.html\">Computational Appendix and Data Files<\/a><\/p>\n<p><b><a href=\"http:\/\/ideas.repec.org\/a\/red\/issued\/07-107.html\">The Industry Life-Cycle of the Size Distribution of Firms<\/a><\/b><br \/>\n<i>by<\/i> Emin Dinlersoz &#038; Glenn MacDonald<br \/>\n<a href=\"http:\/\/ideas.repec.org\/c\/red\/ccodes\/07-107.html\">Computational Appendix and Data Files<\/a><\/p>\n<p><b><a href=\"http:\/\/ideas.repec.org\/a\/red\/issued\/07-105.html\">Fashion Statement<\/a><\/b><br \/>\n<i>by<\/i> Ted Temzelides<\/p>\n<p><b><a href=\"http:\/\/ideas.repec.org\/a\/red\/issued\/06-51.html\">Macroeconomic Effects of Financial Policy<\/a><\/b><br \/>\n<i>by<\/i> Yann Algan &#038; Olivier Allais &#038; Eva Carceles-Poveda<br \/>\n<a href=\"http:\/\/ideas.repec.org\/c\/red\/ccodes\/06-51.html\">Computational Appendix and Data Files<\/a><\/p>\n<p><b><a href=\"http:\/\/ideas.repec.org\/a\/red\/issued\/06-158.html\">Relative Underperformance Alla Turca<\/a><\/b><br \/>\n<i>by<\/i> Tasso Adamopoulos &#038; Ahmet Akyol<br \/>\n<a href=\"http:\/\/ideas.repec.org\/c\/red\/ccodes\/06-158.html\">Computational Appendix and Data Files <\/a><\/p>\n<p><b><a href=\"http:\/\/ideas.repec.org\/a\/red\/issued\/07-198.html\">Optimal Savings with Taxable and Tax-Deferred Accounts<\/a><\/b><br \/>\n<i>by<\/i> Francisco Gomes &#038; Alexander Michaelides &#038; Valery Polkovnichenko<br \/>\n<a href=\"http:\/\/ideas.repec.org\/c\/red\/ccodes\/07-198.html\">Computational Appendix and Data Files<\/a><\/p>\n<p><b><a href=\"http:\/\/ideas.repec.org\/a\/red\/issued\/07-131.html\">Delivering Endogenous Inertia in Prices and Output<\/a><\/b><br \/>\n<i>by<\/i> Alok Johri<br \/>\n<a href=\"http:\/\/ideas.repec.org\/c\/red\/ccodes\/07-131.html\">Computational Appendix and Data Files<\/a>, <a href=\"http:\/\/ideas.repec.org\/p\/red\/append\/07-131.html\">Online Appendix<\/a><\/div><\/div><\/div><div class=\"fusion-clearfix\"><\/div><\/div><\/div><\/div><\/div>\n","protected":false},"excerpt":{"rendered":"","protected":false},"author":1,"featured_media":0,"parent":0,"menu_order":0,"comment_status":"closed","ping_status":"closed","template":"","meta":{"_bbp_topic_count":0,"_bbp_reply_count":0,"_bbp_total_topic_count":0,"_bbp_total_reply_count":0,"_bbp_voice_count":0,"_bbp_anonymous_reply_count":0,"_bbp_topic_count_hidden":0,"_bbp_reply_count_hidden":0,"_bbp_forum_subforum_count":0,"_coblocks_attr":"","_coblocks_dimensions":"","_coblocks_responsive_height":"","_coblocks_accordion_ie_support":"","footnotes":""},"class_list":["post-11303","page","type-page","status-publish","hentry"],"_links":{"self":[{"href":"https:\/\/david-alegre.com\/repo-sed\/wp-json\/wp\/v2\/pages\/11303","targetHints":{"allow":["GET"]}}],"collection":[{"href":"https:\/\/david-alegre.com\/repo-sed\/wp-json\/wp\/v2\/pages"}],"about":[{"href":"https:\/\/david-alegre.com\/repo-sed\/wp-json\/wp\/v2\/types\/page"}],"author":[{"embeddable":true,"href":"https:\/\/david-alegre.com\/repo-sed\/wp-json\/wp\/v2\/users\/1"}],"replies":[{"embeddable":true,"href":"https:\/\/david-alegre.com\/repo-sed\/wp-json\/wp\/v2\/comments?post=11303"}],"version-history":[{"count":13,"href":"https:\/\/david-alegre.com\/repo-sed\/wp-json\/wp\/v2\/pages\/11303\/revisions"}],"predecessor-version":[{"id":15045,"href":"https:\/\/david-alegre.com\/repo-sed\/wp-json\/wp\/v2\/pages\/11303\/revisions\/15045"}],"wp:attachment":[{"href":"https:\/\/david-alegre.com\/repo-sed\/wp-json\/wp\/v2\/media?parent=11303"}],"curies":[{"name":"wp","href":"https:\/\/api.w.org\/{rel}","templated":true}]}}