{"id":11264,"date":"2015-04-05T03:40:40","date_gmt":"2015-04-05T03:40:40","guid":{"rendered":"http:\/\/ec2-52-1-87-149.compute-1.amazonaws.com\/newSED\/?page_id=11264"},"modified":"2017-07-24T04:36:28","modified_gmt":"2017-07-24T04:36:28","slug":"volume-5-2002","status":"publish","type":"page","link":"https:\/\/david-alegre.com\/repo-sed\/volume-5-2002\/","title":{"rendered":"Volume 5 (2002)"},"content":{"rendered":"<div class=\"fusion-fullwidth fullwidth-box fusion-builder-row-1 hundred-percent-fullwidth non-hundred-percent-height-scrolling\" style=\"--awb-border-radius-top-left:0px;--awb-border-radius-top-right:0px;--awb-border-radius-bottom-right:0px;--awb-border-radius-bottom-left:0px;--awb-overflow:visible;--awb-flex-wrap:wrap;\" ><div class=\"fusion-builder-row fusion-row\"><div class=\"fusion-layout-column fusion_builder_column fusion-builder-column-0 fusion_builder_column_1_1 1_1 fusion-one-full fusion-column-first fusion-column-last fusion-column-no-min-height\" style=\"--awb-bg-size:cover;--awb-margin-bottom:0px;\"><div class=\"fusion-column-wrapper fusion-flex-column-wrapper-legacy\"><div class=\"fusion-title title fusion-title-1 fusion-title-text fusion-title-size-one\"><h1 class=\"fusion-title-heading title-heading-left\" style=\"margin:0;\">Review of Economic Dynamics: Volume 5 (2002)<\/h1><span class=\"awb-title-spacer\"><\/span><div class=\"title-sep-container\"><div class=\"title-sep sep-single sep-solid\" style=\"border-color:#56705c;\"><\/div><\/div><\/div><div class=\"fusion-clearfix\"><\/div><\/div><\/div><div class=\"fusion-layout-column fusion_builder_column fusion-builder-column-1 fusion_builder_column_1_1 1_1 fusion-one-full fusion-column-first fusion-column-last fusion-column-no-min-height\" style=\"--awb-bg-size:cover;--awb-margin-bottom:0px;\"><div class=\"fusion-column-wrapper fusion-flex-column-wrapper-legacy\"><div class=\"fusion-tabs fusion-tabs-1 classic nav-is-justified horizontal-tabs icon-position-left mobile-mode-accordion\" style=\"--awb-title-border-radius-top-left:0px;--awb-title-border-radius-top-right:0px;--awb-title-border-radius-bottom-right:0px;--awb-title-border-radius-bottom-left:0px;--awb-inactive-color:#ebeaea;--awb-background-color:#ffffff;--awb-border-color:#ebeaea;--awb-active-border-color:#007367;\"><div class=\"nav\"><ul class=\"nav-tabs nav-justified\" role=\"tablist\"><li class=\"active\" role=\"presentation\"><a class=\"tab-link\" data-toggle=\"tab\" role=\"tab\" aria-controls=\"tab-7a5ed502b3c3bea4971\" aria-selected=\"true\" id=\"fusion-tab-issue1\" href=\"#tab-7a5ed502b3c3bea4971\"><h4 class=\"fusion-tab-heading\">Issue 1<\/h4><\/a><\/li><li role=\"presentation\"><a class=\"tab-link\" data-toggle=\"tab\" role=\"tab\" aria-controls=\"tab-9a13b9ee9e3f6d92bc2\" aria-selected=\"false\" tabindex=\"-1\" id=\"fusion-tab-issue2\" href=\"#tab-9a13b9ee9e3f6d92bc2\"><h4 class=\"fusion-tab-heading\">Issue 2<\/h4><\/a><\/li><li role=\"presentation\"><a class=\"tab-link\" data-toggle=\"tab\" role=\"tab\" aria-controls=\"tab-12c53222307f00a0031\" aria-selected=\"false\" tabindex=\"-1\" id=\"fusion-tab-issue3\" href=\"#tab-12c53222307f00a0031\"><h4 class=\"fusion-tab-heading\">Issue 3<\/h4><\/a><\/li><li role=\"presentation\"><a class=\"tab-link\" data-toggle=\"tab\" role=\"tab\" aria-controls=\"tab-8c87a48507e25061bd8\" aria-selected=\"false\" tabindex=\"-1\" id=\"fusion-tab-issue4\" href=\"#tab-8c87a48507e25061bd8\"><h4 class=\"fusion-tab-heading\">Issue 4<\/h4><\/a><\/li><\/ul><\/div><div class=\"tab-content\"><div class=\"nav fusion-mobile-tab-nav\"><ul class=\"nav-tabs nav-justified\" role=\"tablist\"><li class=\"active\" role=\"presentation\"><a class=\"tab-link\" data-toggle=\"tab\" role=\"tab\" aria-controls=\"tab-7a5ed502b3c3bea4971\" aria-selected=\"true\" id=\"mobile-fusion-tab-issue1\" href=\"#tab-7a5ed502b3c3bea4971\"><h4 class=\"fusion-tab-heading\">Issue 1<\/h4><\/a><\/li><\/ul><\/div><div class=\"tab-pane fade fusion-clearfix in active\" role=\"tabpanel\" tabindex=\"0\" aria-labelledby=\"fusion-tab-issue1\" id=\"tab-7a5ed502b3c3bea4971\">\n<h3>Volume 5, Issue 1 (January 2002)<\/h3>\n<h3>Special issue: Great Depressions<\/h3>\n<p><b><\/b><a href=\"http:\/\/ideas.repec.org\/a\/red\/issued\/v5y2002i1p1-18.html\"><b>Great Depressions of the Twentieth Century<\/b><\/a><br \/>\n<i>by<\/i> Timothy J. Kehoe &#038; Edward C. Prescott<br \/>\n<a href=\"http:\/\/ideas.repec.org\/p\/red\/append\/kehoe02.html\">Data Appendix<\/a><\/p>\n<p><a href=\"http:\/\/ideas.repec.org\/a\/red\/issued\/v5y2002i1p19-44.html\"><b>The Great U.K. Depression: A Puzzle and Possible Resolution<\/b><\/a><br \/>\n<i>by<\/i> Harold L. Cole &#038; Lee E. Ohanian<br \/>\n<a href=\"http:\/\/ideas.repec.org\/p\/red\/append\/cole02.html\">Data Appendix<\/a><\/p>\n<p><a href=\"http:\/\/ideas.repec.org\/a\/red\/issued\/v5y2002i1p45-72.html\"><b>The Great Depression in Canada and the United States: A Neoclassical Perspective<\/b><\/a><br \/>\n<i>by<\/i> Pedro Amaral &#038; James C. MacGee<br \/>\n<a href=\"http:\/\/ideas.repec.org\/p\/red\/append\/amaral02.html\">Data Appendix <\/a><\/p>\n<p><a href=\"http:\/\/ideas.repec.org\/a\/red\/issued\/v5y2002i1p73-99.html\"><b>The French Depression in the 1930s<\/b><\/a><br \/>\n<i>by<\/i> Paul Beaudry &#038; Franck Portier<br \/>\n<a href=\"http:\/\/ideas.repec.org\/p\/red\/append\/beaudry02.html\">Data Appendix<\/a><\/p>\n<p><a href=\"http:\/\/ideas.repec.org\/a\/red\/issued\/v5y2002i1p100-127.html\"><b>The Role of Real Wages, Productivity, and Fiscal Policy in Germany&#8217;s Great Depression 1928-37<\/b><\/a><br \/>\n<i>by<\/i> Jonas D.M. Fisher &#038; Andreas Hornstein<br \/>\n<a href=\"http:\/\/ideas.repec.org\/p\/red\/append\/fisher02.html\">Data Appendix<\/a><\/p>\n<p><a href=\"http:\/\/ideas.repec.org\/a\/red\/issued\/v5y2002i1p128-151.html\"><b>The Great Depression in Italy: Trade Restrictions and Real Wage Rigidities<\/b><\/a><br \/>\n<i>by<\/i> Fabrizio Perri &#038; Vincenzo Quadrini<br \/>\n<a href=\"http:\/\/ideas.repec.org\/p\/red\/append\/perri02.html\">Data Appendix<\/a><\/p>\n<p><a href=\"http:\/\/ideas.repec.org\/a\/red\/issued\/v5y2002i1p152-165.html\"><b>Argentina&#8217;s Lost Decade<\/b><\/a><br \/>\n<i>by<\/i> Finn E. Kydland &#038; Carlos E. J. M. Zarazaga<br \/>\n<a href=\"http:\/\/ideas.repec.org\/p\/red\/append\/kydland02.html\">Data Appendix<\/a><\/p>\n<p><a href=\"http:\/\/ideas.repec.org\/a\/red\/issued\/v5y2002i1p166-205.html\"><b>A Decade Lost and Found: Mexico and Chile in the 1980s<\/b><\/a><br \/>\n<i>by<\/i> Raphael Bergoeing &#038; Patrick J. Kehoe &#038; Timothy J. Kehoe &#038; Raimundo Soto<br \/>\n<a href=\"http:\/\/ideas.repec.org\/p\/red\/append\/bergoeing02.html\">Data Appendix<\/a><\/p>\n<p><a href=\"http:\/\/ideas.repec.org\/a\/red\/issued\/v5y2002i1p206-235.html\"><b>The 1990s in Japan: A Lost Decade<\/b><\/a><br \/>\n<i>by<\/i> Fumio Hayashi &#038; Edward C. Prescott<br \/>\n<a href=\"http:\/\/ideas.repec.org\/p\/red\/append\/hayashi02.html\">Data Appendix<\/a><\/div><div class=\"nav fusion-mobile-tab-nav\"><ul class=\"nav-tabs nav-justified\" role=\"tablist\"><li role=\"presentation\"><a class=\"tab-link\" data-toggle=\"tab\" role=\"tab\" aria-controls=\"tab-9a13b9ee9e3f6d92bc2\" aria-selected=\"false\" tabindex=\"-1\" id=\"mobile-fusion-tab-issue2\" href=\"#tab-9a13b9ee9e3f6d92bc2\"><h4 class=\"fusion-tab-heading\">Issue 2<\/h4><\/a><\/li><\/ul><\/div><div class=\"tab-pane fade fusion-clearfix\" role=\"tabpanel\" tabindex=\"0\" aria-labelledby=\"fusion-tab-issue2\" id=\"tab-9a13b9ee9e3f6d92bc2\">\n<h3>Volume 5, Issue 2 (April 2002)<\/h3>\n<h3>Special issue: Productivity Growth: A New Era?<\/h3>\n<p><a href=\"http:\/\/ideas.repec.org\/a\/red\/issued\/v5y2002i2p237-242.html\"> <b>Productivity Growth: A New Era?<\/b><\/a><br \/>\n<i>by<\/i> James A. Kahn &#038; Kevin Stiroh<\/p>\n<p><a href=\"http:\/\/ideas.repec.org\/a\/red\/issued\/v5y2002i2p243-284.html\"> <b>Investment-Specific Technical Change in the US (1947-2000): Measurement and Macroeconomic Consequences<\/b><\/a><br \/>\n<i>by<\/i> Jason G. Cummins &#038; Giovanni L. Violante<\/p>\n<p><a href=\"http:\/\/ideas.repec.org\/a\/red\/issued\/v5y2002i2p285-317.html\"> <b>Is Embodied Technology the Result of Upstream R&#038;D? Industry-Level Evidence<\/b><\/a><br \/>\n<i>by<\/i> Daniel J. Wilson<\/p>\n<p><a href=\"http:\/\/ideas.repec.org\/a\/red\/issued\/v5y2002i2p318-345.html\"> <b>The PC Industry: New Economy or Early Life-Cycle?<\/b><\/a><br \/>\n<i>by<\/i> Mariana Mazzucato<\/p>\n<p><a href=\"http:\/\/ideas.repec.org\/a\/red\/issued\/v5y2002i2p346-375.html\"> <b>Moore&#8217;s Law and Learning-By-Doing<\/b><\/a><br \/>\n<i>by<\/i> Boyan Jovanovic &#038; Peter L. Rousseau<\/p>\n<p><a href=\"http:\/\/ideas.repec.org\/a\/red\/issued\/v5y2002i2p376-407.html\"> <b>What Happens When the Technology Growth Trend Changes?: Transition Dynamics, Capital Growth and the &#8216;New Economy&#8217;<\/b><\/a><br \/>\n<i>by<\/i> Michael R. Pakko<\/p>\n<p><a href=\"http:\/\/ideas.repec.org\/a\/red\/issued\/v5y2002i2p408-442.html\"> <b>ICT Investment and Economic Growth in the 1990s: Is the United States a Unique Case? A Comparative Study of Nine OECD Countries<\/b><\/a><br \/>\n<i>by<\/i> Alessandra Colecchia &#038; Paul Schreyer<\/p>\n<p><a href=\"http:\/\/ideas.repec.org\/a\/red\/issued\/v5y2002i2p443-469.html\"> <b>Technology Adoption Costs and Productivity Growth: The Transition to Information Technology<\/b><\/a><br \/>\n<i>by<\/i> James Bessen<\/p>\n<p><a href=\"http:\/\/ideas.repec.org\/a\/red\/issued\/v5y2002i2p470-476.html\"> <b>Comments on James Bessen&#8217;s &#8220;Technology Adoption Costs and Productivity Growth: The 70&#8217;s as a Technology Transition&#8221;<\/b><\/a><br \/>\n<i>by<\/i> Diego Comin<\/p>\n<p><a href=\"http:\/\/ideas.repec.org\/a\/red\/issued\/v5y2002i2p477-488.html\"> <b>Technological Change and the Scale of Production<\/b><\/a><br \/>\n<i>by<\/i> Matthew Mitchell<\/p>\n<p><a href=\"http:\/\/ideas.repec.org\/a\/red\/issued\/v5y2002i2p489-502.html\"> <b>Costly Technology Adoption and Capital Accumulation<\/b><\/a><br \/>\n<i>by<\/i> Aubhik Khan &#038; B. Ravikumar<\/div><div class=\"nav fusion-mobile-tab-nav\"><ul class=\"nav-tabs nav-justified\" role=\"tablist\"><li role=\"presentation\"><a class=\"tab-link\" data-toggle=\"tab\" role=\"tab\" aria-controls=\"tab-12c53222307f00a0031\" aria-selected=\"false\" tabindex=\"-1\" id=\"mobile-fusion-tab-issue3\" href=\"#tab-12c53222307f00a0031\"><h4 class=\"fusion-tab-heading\">Issue 3<\/h4><\/a><\/li><\/ul><\/div><div class=\"tab-pane fade fusion-clearfix\" role=\"tabpanel\" tabindex=\"0\" aria-labelledby=\"fusion-tab-issue3\" id=\"tab-12c53222307f00a0031\">\n<h3>Volume 5, Issue 3 (July 2002)<\/h3>\n<h3>Special issue: Macroeconomic Perspectives on Families and Inequality<\/h3>\n<p><b><a href=\"http:\/\/ideas.repec.org\/a\/red\/issued\/v5y2002i3p503-534.html\">Private Pensions: To What Extent Do They Account for Swedish Wealth Inequality?<\/a><\/b><br \/>\n<i>by<\/i> David Domeij &#038; Paul Klein<\/p>\n<p><b><a href=\"http:\/\/ideas.repec.org\/a\/red\/issued\/v5y2002i3p535-558.html\">Labor-Market Search and International Business Cycles<\/a><\/b><br \/>\n<i>by<\/i> Jean-Olivier Hairault<\/p>\n<p><b><a href=\"http:\/\/ideas.repec.org\/a\/red\/issued\/v5y2002i3p559-585.html\">The Equivalence of Wage and Price Staggering in Monetary Business Cycle Models<\/a><\/b><br \/>\n<i>by<\/i> Rochelle M. Edge<\/p>\n<p><b><a href=\"http:\/\/ideas.repec.org\/a\/red\/issued\/v5y2002i3p586-601.html\">On the Invariance of the Rate of Return to Convex Adjustment Costs<\/a><\/b><br \/>\n<i>by<\/i> Andrew B. Abel<\/p>\n<p><b><a href=\"http:\/\/ideas.repec.org\/a\/red\/issued\/v5y2002i3p602-617.html\">Payments and Output<\/a><\/b><br \/>\n<i>by<\/i> Scott Freeman<\/p>\n<p><b><a href=\"http:\/\/ideas.repec.org\/a\/red\/issued\/v5y2002i3p618-645.html\">Does Intrinsic Habit Formation Actually Resolve the Equity Premium Puzzle?<\/a><\/b><br \/>\n<i>by<\/i> David A. Chapman<\/p>\n<p><b><a href=\"http:\/\/ideas.repec.org\/a\/red\/issued\/v5y2002i3p646-680.html\">The Demographic Transition in Europe: A Neoclassical Dynastic Approach<\/a><\/b><br \/>\n<i>by<\/i> Xavier Mateos-Planas<\/p>\n<p><b><a href=\"http:\/\/ideas.repec.org\/a\/red\/issued\/v5y2002i3p681-703.html\">Unemployment Insurance and the Role of Self-Insurance<\/a><\/b><br \/>\n<i>by<\/i> Atila Abdulkadiroglu &#038; Burhanettin Kuruscu &#038; Aysegul Sahin<\/p>\n<p><b><a href=\"http:\/\/ideas.repec.org\/a\/red\/issued\/v5y2002i3p704-717.html\">Procyclical Skill Retooling and Equilibrium Search<\/a><\/b><br \/>\n<i>by<\/i> Ian King &#038; Arthur Sweetman<\/div><div class=\"nav fusion-mobile-tab-nav\"><ul class=\"nav-tabs nav-justified\" role=\"tablist\"><li role=\"presentation\"><a class=\"tab-link\" data-toggle=\"tab\" role=\"tab\" aria-controls=\"tab-8c87a48507e25061bd8\" aria-selected=\"false\" tabindex=\"-1\" id=\"mobile-fusion-tab-issue4\" href=\"#tab-8c87a48507e25061bd8\"><h4 class=\"fusion-tab-heading\">Issue 4<\/h4><\/a><\/li><\/ul><\/div><div class=\"tab-pane fade fusion-clearfix\" role=\"tabpanel\" tabindex=\"0\" aria-labelledby=\"fusion-tab-issue4\" id=\"tab-8c87a48507e25061bd8\">\n<h3>Volume 5, Issue 4 (October 2002):Macroeconomic Perspectives on Families and Inequality<\/h3>\n<p><b><\/b><b><a href=\"http:\/\/ideas.repec.org\/a\/red\/issued\/v5y2002i4p720-748.html\">Tests of Income Pooling in Household Decisions<\/a><\/b><br \/>\n<i>by<\/i> Orazio Attanasio &#038; Val\u00e9rie Leche<\/p>\n<p><b><a href=\"http:\/\/ideas.repec.org\/a\/red\/issued\/v5y2002i4p749-774.html\">Population Growth, Technological Adoption, and Economic Outcomes in the Information Era<\/a><\/b><br \/>\n<i>by<\/i>Paul Beaudry &#038; David A. Green<\/p>\n<p><b><a href=\"http:\/\/ideas.repec.org\/a\/red\/issued\/v5y2002i4p775-814.html\">Mortality, Fertility, and Saving in a Malthusian Economy<\/a><\/b><br \/>\n<i>by<\/i> Michele Boldrin &#038; Larry E. Jones<\/p>\n<p><b><a href=\"http:\/\/ideas.repec.org\/a\/red\/issued\/v5y2002i4p815-855.html\">Why Do Women Wait? Matching, Wage Inequality, and the Incentives for Fertility Delay<\/a><\/b><br \/>\n<i>by<\/i> Elizabeth M. Caucutt &#038; Nezih Guner &#038; John Knowles<\/p>\n<p><b><a href=\"http:\/\/ideas.repec.org\/a\/red\/issued\/v5y2002i4p856-891.html\">Fertility Decisions and Gender Differences in Labor Turnover, Employment, and Wages<\/a><\/b><br \/>\n<i>by<\/i> Andr\u00e9s Erosa &#038; Luisa Fuster &#038; Diego Restuccia<\/p>\n<p><b><a href=\"http:\/\/ideas.repec.org\/a\/red\/issued\/v5y2002i4p892-931.html\">Bequests, Inter Vivos Transfers, and Wealth Distribution<\/a><\/b><br \/>\n<i>by<\/i> Shinichi Nishiyama<\/p>\n<p><b><a href=\"http:\/\/ideas.repec.org\/a\/red\/issued\/v5y2002i4p932-964.html\">The Quantity and Quality of Schooling and U.S. Labor Productivity Growth (1870-2000)<\/a><\/b><br \/>\n<i>by<\/i> Peter Rangazas<\/p>\n<p><b><a href=\"http:\/\/ideas.repec.org\/a\/red\/issued\/v5y2002i4p965-998.html\">College Attainment of Women<\/a><\/b><br \/>\n<i>by<\/i> Jos\u00e9-V\u00edctor R\u00edos-Rull &#038; Virginia S\u00e1nchez-Marcos<\/p>\n<p><b><a href=\"http:\/\/ideas.repec.org\/a\/red\/issued\/v5y2002i4p999-1024.html\">Differential Fecundity and Gender-Biased Parental Investments in Health<\/a><\/b><br \/>\n<i>by<\/i> Aloysius Siow &#038; Xiaodong Zhu<\/div><\/div><\/div><div class=\"fusion-clearfix\"><\/div><\/div><\/div><\/div><\/div>\n","protected":false},"excerpt":{"rendered":"","protected":false},"author":1,"featured_media":0,"parent":0,"menu_order":0,"comment_status":"closed","ping_status":"closed","template":"","meta":{"_bbp_topic_count":0,"_bbp_reply_count":0,"_bbp_total_topic_count":0,"_bbp_total_reply_count":0,"_bbp_voice_count":0,"_bbp_anonymous_reply_count":0,"_bbp_topic_count_hidden":0,"_bbp_reply_count_hidden":0,"_bbp_forum_subforum_count":0,"_coblocks_attr":"","_coblocks_dimensions":"","_coblocks_responsive_height":"","_coblocks_accordion_ie_support":"","footnotes":""},"class_list":["post-11264","page","type-page","status-publish","hentry"],"_links":{"self":[{"href":"https:\/\/david-alegre.com\/repo-sed\/wp-json\/wp\/v2\/pages\/11264","targetHints":{"allow":["GET"]}}],"collection":[{"href":"https:\/\/david-alegre.com\/repo-sed\/wp-json\/wp\/v2\/pages"}],"about":[{"href":"https:\/\/david-alegre.com\/repo-sed\/wp-json\/wp\/v2\/types\/page"}],"author":[{"embeddable":true,"href":"https:\/\/david-alegre.com\/repo-sed\/wp-json\/wp\/v2\/users\/1"}],"replies":[{"embeddable":true,"href":"https:\/\/david-alegre.com\/repo-sed\/wp-json\/wp\/v2\/comments?post=11264"}],"version-history":[{"count":11,"href":"https:\/\/david-alegre.com\/repo-sed\/wp-json\/wp\/v2\/pages\/11264\/revisions"}],"predecessor-version":[{"id":15052,"href":"https:\/\/david-alegre.com\/repo-sed\/wp-json\/wp\/v2\/pages\/11264\/revisions\/15052"}],"wp:attachment":[{"href":"https:\/\/david-alegre.com\/repo-sed\/wp-json\/wp\/v2\/media?parent=11264"}],"curies":[{"name":"wp","href":"https:\/\/api.w.org\/{rel}","templated":true}]}}